{"id":6574,"date":"2022-02-02T16:14:46","date_gmt":"2022-02-02T13:14:46","guid":{"rendered":"https:\/\/www.corfin.com.tr\/about-us\/"},"modified":"2022-02-02T16:14:46","modified_gmt":"2022-02-02T13:14:46","slug":"about-us","status":"publish","type":"page","link":"https:\/\/www.corfin.com.tr\/en\/about-us\/","title":{"rendered":"About Us"},"content":{"rendered":"","protected":false},"excerpt":{"rendered":"","protected":false},"author":7,"featured_media":0,"parent":0,"menu_order":0,"comment_status":"closed","ping_status":"closed","template":"","meta":{"footnotes":""},"class_list":["post-6574","page","type-page","status-publish","hentry"],"yoast_head":"<!-- This site is optimized with the Yoast SEO Premium plugin v27.2 (Yoast SEO v27.2) - https:\/\/yoast.com\/product\/yoast-seo-premium-wordpress\/ -->\n<title>About Us &#187; Corfin Lubrication<\/title>\n<meta name=\"description\" content=\"As Akoni Kimya, we produce 100% domestic, high quality lubricants, greases and chemical cleaning materials with the Corfin brand we have developed.\" \/>\n<meta name=\"robots\" content=\"index, follow, max-snippet:-1, max-image-preview:large, max-video-preview:-1\" \/>\n<link rel=\"canonical\" href=\"https:\/\/www.corfin.com.tr\/en\/about-us\/\" \/>\n<meta property=\"og:locale\" content=\"en_US\" \/>\n<meta property=\"og:type\" content=\"article\" \/>\n<meta property=\"og:title\" content=\"About Us\" \/>\n<meta property=\"og:description\" content=\"As Akoni Kimya, we produce 100% domestic, high quality lubricants, greases and chemical cleaning materials with the Corfin brand we have developed.\" \/>\n<meta property=\"og:url\" content=\"https:\/\/www.corfin.com.tr\/en\/about-us\/\" \/>\n<meta property=\"og:site_name\" content=\"Corfin Lubrication\" \/>\n<meta property=\"article:publisher\" content=\"https:\/\/www.facebook.com\/CorfinLubrication\" \/>\n<meta name=\"twitter:card\" content=\"summary_large_image\" \/>\n<meta name=\"twitter:site\" content=\"@corfinlub\" \/>\n<script type=\"application\/ld+json\" class=\"yoast-schema-graph\">{\"@context\":\"https:\/\/schema.org\",\"@graph\":[{\"@type\":\"WebPage\",\"@id\":\"https:\/\/www.corfin.com.tr\/en\/about-us\/\",\"url\":\"https:\/\/www.corfin.com.tr\/en\/about-us\/\",\"name\":\"About Us &#187; Corfin Lubrication\",\"isPartOf\":{\"@id\":\"https:\/\/www.corfin.com.tr\/en\/#website\"},\"datePublished\":\"2022-02-02T13:14:46+00:00\",\"description\":\"As Akoni Kimya, we produce 100% domestic, high quality lubricants, greases and chemical cleaning materials with the Corfin brand we have developed.\",\"breadcrumb\":{\"@id\":\"https:\/\/www.corfin.com.tr\/en\/about-us\/#breadcrumb\"},\"inLanguage\":\"en-US\",\"potentialAction\":[{\"@type\":\"ReadAction\",\"target\":[\"https:\/\/www.corfin.com.tr\/en\/about-us\/\"]}]},{\"@type\":\"BreadcrumbList\",\"@id\":\"https:\/\/www.corfin.com.tr\/en\/about-us\/#breadcrumb\",\"itemListElement\":[{\"@type\":\"ListItem\",\"position\":1,\"name\":\"Anasayfa\",\"item\":\"https:\/\/www.corfin.com.tr\/en\/\"},{\"@type\":\"ListItem\",\"position\":2,\"name\":\"About Us\"}]},{\"@type\":\"WebSite\",\"@id\":\"https:\/\/www.corfin.com.tr\/en\/#website\",\"url\":\"https:\/\/www.corfin.com.tr\/en\/\",\"name\":\"Corfin Lubrication\",\"description\":\"End\u00fcstrinin Destek G\u00fcc\u00fc\",\"publisher\":{\"@id\":\"https:\/\/www.corfin.com.tr\/en\/#organization\"},\"potentialAction\":[{\"@type\":\"SearchAction\",\"target\":{\"@type\":\"EntryPoint\",\"urlTemplate\":\"https:\/\/www.corfin.com.tr\/en\/?s={search_term_string}\"},\"query-input\":{\"@type\":\"PropertyValueSpecification\",\"valueRequired\":true,\"valueName\":\"search_term_string\"}}],\"inLanguage\":\"en-US\"},{\"@type\":\"Organization\",\"@id\":\"https:\/\/www.corfin.com.tr\/en\/#organization\",\"name\":\"Corfin Lubrication\",\"url\":\"https:\/\/www.corfin.com.tr\/en\/\",\"logo\":{\"@type\":\"ImageObject\",\"inLanguage\":\"en-US\",\"@id\":\"https:\/\/www.corfin.com.tr\/en\/#\/schema\/logo\/image\/\",\"url\":\"https:\/\/www.corfin.com.tr\/wp-content\/uploads\/corfin-lubrication-siyah-sari-logo.svg\",\"contentUrl\":\"https:\/\/www.corfin.com.tr\/wp-content\/uploads\/corfin-lubrication-siyah-sari-logo.svg\",\"width\":1200,\"height\":320.3,\"caption\":\"Corfin Lubrication\"},\"image\":{\"@id\":\"https:\/\/www.corfin.com.tr\/en\/#\/schema\/logo\/image\/\"},\"sameAs\":[\"https:\/\/www.facebook.com\/CorfinLubrication\",\"https:\/\/x.com\/corfinlub\",\"https:\/\/tr.linkedin.com\/company\/corfin-lubrication\",\"https:\/\/www.youtube.com\/channel\/UCHvPY5xapmDyWvGGcUkRVgg\"]}]}<\/script>\n<!-- \/ Yoast SEO Premium plugin. -->","yoast_head_json":{"title":"About Us &#187; Corfin Lubrication","description":"As Akoni Kimya, we produce 100% domestic, high quality lubricants, greases and chemical cleaning materials with the Corfin brand we have developed.","robots":{"index":"index","follow":"follow","max-snippet":"max-snippet:-1","max-image-preview":"max-image-preview:large","max-video-preview":"max-video-preview:-1"},"canonical":"https:\/\/www.corfin.com.tr\/en\/about-us\/","og_locale":"en_US","og_type":"article","og_title":"About Us","og_description":"As Akoni Kimya, we produce 100% domestic, high quality lubricants, greases and chemical cleaning materials with the Corfin brand we have developed.","og_url":"https:\/\/www.corfin.com.tr\/en\/about-us\/","og_site_name":"Corfin Lubrication","article_publisher":"https:\/\/www.facebook.com\/CorfinLubrication","twitter_card":"summary_large_image","twitter_site":"@corfinlub","schema":{"@context":"https:\/\/schema.org","@graph":[{"@type":"WebPage","@id":"https:\/\/www.corfin.com.tr\/en\/about-us\/","url":"https:\/\/www.corfin.com.tr\/en\/about-us\/","name":"About Us &#187; Corfin Lubrication","isPartOf":{"@id":"https:\/\/www.corfin.com.tr\/en\/#website"},"datePublished":"2022-02-02T13:14:46+00:00","description":"As Akoni Kimya, we produce 100% domestic, high quality lubricants, greases and chemical cleaning materials with the Corfin brand we have developed.","breadcrumb":{"@id":"https:\/\/www.corfin.com.tr\/en\/about-us\/#breadcrumb"},"inLanguage":"en-US","potentialAction":[{"@type":"ReadAction","target":["https:\/\/www.corfin.com.tr\/en\/about-us\/"]}]},{"@type":"BreadcrumbList","@id":"https:\/\/www.corfin.com.tr\/en\/about-us\/#breadcrumb","itemListElement":[{"@type":"ListItem","position":1,"name":"Anasayfa","item":"https:\/\/www.corfin.com.tr\/en\/"},{"@type":"ListItem","position":2,"name":"About Us"}]},{"@type":"WebSite","@id":"https:\/\/www.corfin.com.tr\/en\/#website","url":"https:\/\/www.corfin.com.tr\/en\/","name":"Corfin Lubrication","description":"End\u00fcstrinin Destek G\u00fcc\u00fc","publisher":{"@id":"https:\/\/www.corfin.com.tr\/en\/#organization"},"potentialAction":[{"@type":"SearchAction","target":{"@type":"EntryPoint","urlTemplate":"https:\/\/www.corfin.com.tr\/en\/?s={search_term_string}"},"query-input":{"@type":"PropertyValueSpecification","valueRequired":true,"valueName":"search_term_string"}}],"inLanguage":"en-US"},{"@type":"Organization","@id":"https:\/\/www.corfin.com.tr\/en\/#organization","name":"Corfin Lubrication","url":"https:\/\/www.corfin.com.tr\/en\/","logo":{"@type":"ImageObject","inLanguage":"en-US","@id":"https:\/\/www.corfin.com.tr\/en\/#\/schema\/logo\/image\/","url":"https:\/\/www.corfin.com.tr\/wp-content\/uploads\/corfin-lubrication-siyah-sari-logo.svg","contentUrl":"https:\/\/www.corfin.com.tr\/wp-content\/uploads\/corfin-lubrication-siyah-sari-logo.svg","width":1200,"height":320.3,"caption":"Corfin Lubrication"},"image":{"@id":"https:\/\/www.corfin.com.tr\/en\/#\/schema\/logo\/image\/"},"sameAs":["https:\/\/www.facebook.com\/CorfinLubrication","https:\/\/x.com\/corfinlub","https:\/\/tr.linkedin.com\/company\/corfin-lubrication","https:\/\/www.youtube.com\/channel\/UCHvPY5xapmDyWvGGcUkRVgg"]}]}},"_links":{"self":[{"href":"https:\/\/www.corfin.com.tr\/en\/wp-json\/wp\/v2\/pages\/6574","targetHints":{"allow":["GET"]}}],"collection":[{"href":"https:\/\/www.corfin.com.tr\/en\/wp-json\/wp\/v2\/pages"}],"about":[{"href":"https:\/\/www.corfin.com.tr\/en\/wp-json\/wp\/v2\/types\/page"}],"author":[{"embeddable":true,"href":"https:\/\/www.corfin.com.tr\/en\/wp-json\/wp\/v2\/users\/7"}],"replies":[{"embeddable":true,"href":"https:\/\/www.corfin.com.tr\/en\/wp-json\/wp\/v2\/comments?post=6574"}],"version-history":[{"count":0,"href":"https:\/\/www.corfin.com.tr\/en\/wp-json\/wp\/v2\/pages\/6574\/revisions"}],"wp:attachment":[{"href":"https:\/\/www.corfin.com.tr\/en\/wp-json\/wp\/v2\/media?parent=6574"}],"curies":[{"name":"wp","href":"https:\/\/api.w.org\/{rel}","templated":true}]}}