{"id":6584,"date":"2022-02-02T16:15:43","date_gmt":"2022-02-02T13:15:43","guid":{"rendered":"https:\/\/www.corfin.com.tr\/about-us\/social-responsibility\/"},"modified":"2024-07-16T10:31:03","modified_gmt":"2024-07-16T07:31:03","slug":"social-responsibility","status":"publish","type":"page","link":"https:\/\/www.corfin.com.tr\/en\/about-us\/social-responsibility\/","title":{"rendered":"Social Responsibility"},"content":{"rendered":"\t\t<div data-elementor-type=\"wp-page\" data-elementor-id=\"6584\" class=\"elementor elementor-6584 elementor-112\" data-elementor-post-type=\"page\">\n\t\t\t\t\t\t<section class=\"elementor-section elementor-top-section elementor-element elementor-element-7bb39e4 elementor-section-boxed elementor-section-height-default elementor-section-height-default\" data-id=\"7bb39e4\" data-element_type=\"section\" data-e-type=\"section\" data-settings=\"{&quot;jet_parallax_layout_list&quot;:[]}\">\n\t\t\t\t\t\t<div class=\"elementor-container elementor-column-gap-default\">\n\t\t\t\t\t<div class=\"elementor-column elementor-col-100 elementor-top-column elementor-element elementor-element-7dbc529\" data-id=\"7dbc529\" data-element_type=\"column\" data-e-type=\"column\">\n\t\t\t<div class=\"elementor-widget-wrap elementor-element-populated\">\n\t\t\t\t\t\t<div class=\"elementor-element elementor-element-dbc24a3 elementor-widget elementor-widget-image\" data-id=\"dbc24a3\" data-element_type=\"widget\" data-e-type=\"widget\" data-widget_type=\"image.default\">\n\t\t\t\t<div class=\"elementor-widget-container\">\n\t\t\t\t\t\t\t\t\t\t\t\t\t\t\t<img fetchpriority=\"high\" decoding=\"async\" width=\"1024\" height=\"495\" src=\"https:\/\/www.corfin.com.tr\/wp-content\/uploads\/yapim-asamasinda-1024x495.jpg\" class=\"attachment-large size-large wp-image-656\" alt=\"\" srcset=\"https:\/\/www.corfin.com.tr\/wp-content\/uploads\/yapim-asamasinda-1024x495.jpg 1024w, https:\/\/www.corfin.com.tr\/wp-content\/uploads\/yapim-asamasinda-300x145.jpg 300w, https:\/\/www.corfin.com.tr\/wp-content\/uploads\/yapim-asamasinda-768x371.jpg 768w, https:\/\/www.corfin.com.tr\/wp-content\/uploads\/yapim-asamasinda-600x290.jpg 600w, https:\/\/www.corfin.com.tr\/wp-content\/uploads\/yapim-asamasinda.jpg 1300w\" sizes=\"(max-width: 1024px) 100vw, 1024px\" \/>\t\t\t\t\t\t\t\t\t\t\t\t\t\t\t<\/div>\n\t\t\t\t<\/div>\n\t\t\t\t\t<\/div>\n\t\t<\/div>\n\t\t\t\t\t<\/div>\n\t\t<\/section>\n\t\t\t\t<\/div>\n\t\t","protected":false},"excerpt":{"rendered":"","protected":false},"author":7,"featured_media":0,"parent":6574,"menu_order":0,"comment_status":"closed","ping_status":"closed","template":"","meta":{"footnotes":""},"class_list":["post-6584","page","type-page","status-publish","hentry"],"yoast_head":"<!-- This site is optimized with the Yoast SEO Premium plugin v27.2 (Yoast SEO v27.2) - https:\/\/yoast.com\/product\/yoast-seo-premium-wordpress\/ -->\n<title>Social Responsibility &#187; Corfin Lubrication<\/title>\n<meta name=\"description\" content=\"As Akoni Kimya, we continue to develop our social responsibility projects that we have realized so far by adding new ones every day.\" \/>\n<meta name=\"robots\" content=\"index, follow, max-snippet:-1, max-image-preview:large, max-video-preview:-1\" \/>\n<link rel=\"canonical\" href=\"https:\/\/www.corfin.com.tr\/en\/about-us\/social-responsibility\/\" \/>\n<meta property=\"og:locale\" content=\"en_US\" \/>\n<meta property=\"og:type\" content=\"article\" \/>\n<meta property=\"og:title\" content=\"Social Responsibility\" \/>\n<meta property=\"og:description\" content=\"As Akoni Kimya, we continue to develop our social responsibility projects that we have realized so far by adding new ones every day.\" \/>\n<meta property=\"og:url\" content=\"https:\/\/www.corfin.com.tr\/en\/about-us\/social-responsibility\/\" \/>\n<meta property=\"og:site_name\" content=\"Corfin Lubrication\" \/>\n<meta property=\"article:publisher\" content=\"https:\/\/www.facebook.com\/CorfinLubrication\" \/>\n<meta property=\"article:modified_time\" content=\"2024-07-16T07:31:03+00:00\" \/>\n<meta property=\"og:image\" content=\"https:\/\/www.corfin.com.tr\/wp-content\/uploads\/yapim-asamasinda-1024x495.jpg\" \/>\n<meta name=\"twitter:card\" content=\"summary_large_image\" \/>\n<meta name=\"twitter:site\" content=\"@corfinlub\" \/>\n<script type=\"application\/ld+json\" class=\"yoast-schema-graph\">{\"@context\":\"https:\/\/schema.org\",\"@graph\":[{\"@type\":\"WebPage\",\"@id\":\"https:\/\/www.corfin.com.tr\/en\/about-us\/social-responsibility\/\",\"url\":\"https:\/\/www.corfin.com.tr\/en\/about-us\/social-responsibility\/\",\"name\":\"Social Responsibility &#187; Corfin Lubrication\",\"isPartOf\":{\"@id\":\"https:\/\/www.corfin.com.tr\/en\/#website\"},\"primaryImageOfPage\":{\"@id\":\"https:\/\/www.corfin.com.tr\/en\/about-us\/social-responsibility\/#primaryimage\"},\"image\":{\"@id\":\"https:\/\/www.corfin.com.tr\/en\/about-us\/social-responsibility\/#primaryimage\"},\"thumbnailUrl\":\"https:\/\/www.corfin.com.tr\/wp-content\/uploads\/yapim-asamasinda-1024x495.jpg\",\"datePublished\":\"2022-02-02T13:15:43+00:00\",\"dateModified\":\"2024-07-16T07:31:03+00:00\",\"description\":\"As Akoni Kimya, we continue to develop our social responsibility projects that we have realized so far by adding new ones every day.\",\"breadcrumb\":{\"@id\":\"https:\/\/www.corfin.com.tr\/en\/about-us\/social-responsibility\/#breadcrumb\"},\"inLanguage\":\"en-US\",\"potentialAction\":[{\"@type\":\"ReadAction\",\"target\":[\"https:\/\/www.corfin.com.tr\/en\/about-us\/social-responsibility\/\"]}]},{\"@type\":\"ImageObject\",\"inLanguage\":\"en-US\",\"@id\":\"https:\/\/www.corfin.com.tr\/en\/about-us\/social-responsibility\/#primaryimage\",\"url\":\"https:\/\/www.corfin.com.tr\/wp-content\/uploads\/yapim-asamasinda-1024x495.jpg\",\"contentUrl\":\"https:\/\/www.corfin.com.tr\/wp-content\/uploads\/yapim-asamasinda-1024x495.jpg\"},{\"@type\":\"BreadcrumbList\",\"@id\":\"https:\/\/www.corfin.com.tr\/en\/about-us\/social-responsibility\/#breadcrumb\",\"itemListElement\":[{\"@type\":\"ListItem\",\"position\":1,\"name\":\"Anasayfa\",\"item\":\"https:\/\/www.corfin.com.tr\/en\/\"},{\"@type\":\"ListItem\",\"position\":2,\"name\":\"About Us\",\"item\":\"https:\/\/www.corfin.com.tr\/en\/about-us\/\"},{\"@type\":\"ListItem\",\"position\":3,\"name\":\"Social Responsibility\"}]},{\"@type\":\"WebSite\",\"@id\":\"https:\/\/www.corfin.com.tr\/en\/#website\",\"url\":\"https:\/\/www.corfin.com.tr\/en\/\",\"name\":\"Corfin Lubrication\",\"description\":\"End\u00fcstrinin Destek G\u00fcc\u00fc\",\"publisher\":{\"@id\":\"https:\/\/www.corfin.com.tr\/en\/#organization\"},\"potentialAction\":[{\"@type\":\"SearchAction\",\"target\":{\"@type\":\"EntryPoint\",\"urlTemplate\":\"https:\/\/www.corfin.com.tr\/en\/?s={search_term_string}\"},\"query-input\":{\"@type\":\"PropertyValueSpecification\",\"valueRequired\":true,\"valueName\":\"search_term_string\"}}],\"inLanguage\":\"en-US\"},{\"@type\":\"Organization\",\"@id\":\"https:\/\/www.corfin.com.tr\/en\/#organization\",\"name\":\"Corfin Lubrication\",\"url\":\"https:\/\/www.corfin.com.tr\/en\/\",\"logo\":{\"@type\":\"ImageObject\",\"inLanguage\":\"en-US\",\"@id\":\"https:\/\/www.corfin.com.tr\/en\/#\/schema\/logo\/image\/\",\"url\":\"https:\/\/www.corfin.com.tr\/wp-content\/uploads\/corfin-lubrication-siyah-sari-logo.svg\",\"contentUrl\":\"https:\/\/www.corfin.com.tr\/wp-content\/uploads\/corfin-lubrication-siyah-sari-logo.svg\",\"width\":1200,\"height\":320.3,\"caption\":\"Corfin Lubrication\"},\"image\":{\"@id\":\"https:\/\/www.corfin.com.tr\/en\/#\/schema\/logo\/image\/\"},\"sameAs\":[\"https:\/\/www.facebook.com\/CorfinLubrication\",\"https:\/\/x.com\/corfinlub\",\"https:\/\/tr.linkedin.com\/company\/corfin-lubrication\",\"https:\/\/www.youtube.com\/channel\/UCHvPY5xapmDyWvGGcUkRVgg\"]}]}<\/script>\n<!-- \/ Yoast SEO Premium plugin. -->","yoast_head_json":{"title":"Social Responsibility &#187; Corfin Lubrication","description":"As Akoni Kimya, we continue to develop our social responsibility projects that we have realized so far by adding new ones every day.","robots":{"index":"index","follow":"follow","max-snippet":"max-snippet:-1","max-image-preview":"max-image-preview:large","max-video-preview":"max-video-preview:-1"},"canonical":"https:\/\/www.corfin.com.tr\/en\/about-us\/social-responsibility\/","og_locale":"en_US","og_type":"article","og_title":"Social Responsibility","og_description":"As Akoni Kimya, we continue to develop our social responsibility projects that we have realized so far by adding new ones every day.","og_url":"https:\/\/www.corfin.com.tr\/en\/about-us\/social-responsibility\/","og_site_name":"Corfin Lubrication","article_publisher":"https:\/\/www.facebook.com\/CorfinLubrication","article_modified_time":"2024-07-16T07:31:03+00:00","og_image":[{"url":"https:\/\/www.corfin.com.tr\/wp-content\/uploads\/yapim-asamasinda-1024x495.jpg","type":"","width":"","height":""}],"twitter_card":"summary_large_image","twitter_site":"@corfinlub","schema":{"@context":"https:\/\/schema.org","@graph":[{"@type":"WebPage","@id":"https:\/\/www.corfin.com.tr\/en\/about-us\/social-responsibility\/","url":"https:\/\/www.corfin.com.tr\/en\/about-us\/social-responsibility\/","name":"Social Responsibility &#187; Corfin Lubrication","isPartOf":{"@id":"https:\/\/www.corfin.com.tr\/en\/#website"},"primaryImageOfPage":{"@id":"https:\/\/www.corfin.com.tr\/en\/about-us\/social-responsibility\/#primaryimage"},"image":{"@id":"https:\/\/www.corfin.com.tr\/en\/about-us\/social-responsibility\/#primaryimage"},"thumbnailUrl":"https:\/\/www.corfin.com.tr\/wp-content\/uploads\/yapim-asamasinda-1024x495.jpg","datePublished":"2022-02-02T13:15:43+00:00","dateModified":"2024-07-16T07:31:03+00:00","description":"As Akoni Kimya, we continue to develop our social responsibility projects that we have realized so far by adding new ones every day.","breadcrumb":{"@id":"https:\/\/www.corfin.com.tr\/en\/about-us\/social-responsibility\/#breadcrumb"},"inLanguage":"en-US","potentialAction":[{"@type":"ReadAction","target":["https:\/\/www.corfin.com.tr\/en\/about-us\/social-responsibility\/"]}]},{"@type":"ImageObject","inLanguage":"en-US","@id":"https:\/\/www.corfin.com.tr\/en\/about-us\/social-responsibility\/#primaryimage","url":"https:\/\/www.corfin.com.tr\/wp-content\/uploads\/yapim-asamasinda-1024x495.jpg","contentUrl":"https:\/\/www.corfin.com.tr\/wp-content\/uploads\/yapim-asamasinda-1024x495.jpg"},{"@type":"BreadcrumbList","@id":"https:\/\/www.corfin.com.tr\/en\/about-us\/social-responsibility\/#breadcrumb","itemListElement":[{"@type":"ListItem","position":1,"name":"Anasayfa","item":"https:\/\/www.corfin.com.tr\/en\/"},{"@type":"ListItem","position":2,"name":"About Us","item":"https:\/\/www.corfin.com.tr\/en\/about-us\/"},{"@type":"ListItem","position":3,"name":"Social Responsibility"}]},{"@type":"WebSite","@id":"https:\/\/www.corfin.com.tr\/en\/#website","url":"https:\/\/www.corfin.com.tr\/en\/","name":"Corfin Lubrication","description":"End\u00fcstrinin Destek G\u00fcc\u00fc","publisher":{"@id":"https:\/\/www.corfin.com.tr\/en\/#organization"},"potentialAction":[{"@type":"SearchAction","target":{"@type":"EntryPoint","urlTemplate":"https:\/\/www.corfin.com.tr\/en\/?s={search_term_string}"},"query-input":{"@type":"PropertyValueSpecification","valueRequired":true,"valueName":"search_term_string"}}],"inLanguage":"en-US"},{"@type":"Organization","@id":"https:\/\/www.corfin.com.tr\/en\/#organization","name":"Corfin Lubrication","url":"https:\/\/www.corfin.com.tr\/en\/","logo":{"@type":"ImageObject","inLanguage":"en-US","@id":"https:\/\/www.corfin.com.tr\/en\/#\/schema\/logo\/image\/","url":"https:\/\/www.corfin.com.tr\/wp-content\/uploads\/corfin-lubrication-siyah-sari-logo.svg","contentUrl":"https:\/\/www.corfin.com.tr\/wp-content\/uploads\/corfin-lubrication-siyah-sari-logo.svg","width":1200,"height":320.3,"caption":"Corfin Lubrication"},"image":{"@id":"https:\/\/www.corfin.com.tr\/en\/#\/schema\/logo\/image\/"},"sameAs":["https:\/\/www.facebook.com\/CorfinLubrication","https:\/\/x.com\/corfinlub","https:\/\/tr.linkedin.com\/company\/corfin-lubrication","https:\/\/www.youtube.com\/channel\/UCHvPY5xapmDyWvGGcUkRVgg"]}]}},"_links":{"self":[{"href":"https:\/\/www.corfin.com.tr\/en\/wp-json\/wp\/v2\/pages\/6584","targetHints":{"allow":["GET"]}}],"collection":[{"href":"https:\/\/www.corfin.com.tr\/en\/wp-json\/wp\/v2\/pages"}],"about":[{"href":"https:\/\/www.corfin.com.tr\/en\/wp-json\/wp\/v2\/types\/page"}],"author":[{"embeddable":true,"href":"https:\/\/www.corfin.com.tr\/en\/wp-json\/wp\/v2\/users\/7"}],"replies":[{"embeddable":true,"href":"https:\/\/www.corfin.com.tr\/en\/wp-json\/wp\/v2\/comments?post=6584"}],"version-history":[{"count":0,"href":"https:\/\/www.corfin.com.tr\/en\/wp-json\/wp\/v2\/pages\/6584\/revisions"}],"up":[{"embeddable":true,"href":"https:\/\/www.corfin.com.tr\/en\/wp-json\/wp\/v2\/pages\/6574"}],"wp:attachment":[{"href":"https:\/\/www.corfin.com.tr\/en\/wp-json\/wp\/v2\/media?parent=6584"}],"curies":[{"name":"wp","href":"https:\/\/api.w.org\/{rel}","templated":true}]}}