{"id":6585,"date":"2022-07-05T10:12:43","date_gmt":"2022-07-05T07:12:43","guid":{"rendered":"https:\/\/www.corfin.com.tr\/sitemap\/"},"modified":"2024-07-16T10:45:43","modified_gmt":"2024-07-16T07:45:43","slug":"sitemap","status":"publish","type":"page","link":"https:\/\/www.corfin.com.tr\/en\/sitemap\/","title":{"rendered":"Sitemap"},"content":{"rendered":"\t\t<div data-elementor-type=\"wp-page\" data-elementor-id=\"6585\" class=\"elementor elementor-6585 elementor-2767\" data-elementor-post-type=\"page\">\n\t\t\t\t\t\t<section class=\"elementor-section elementor-top-section elementor-element elementor-element-e7921ec elementor-section-height-min-height elementor-section-boxed elementor-section-height-default elementor-section-items-middle\" data-id=\"e7921ec\" data-element_type=\"section\" data-e-type=\"section\" data-settings=\"{&quot;jet_parallax_layout_list&quot;:[],&quot;background_background&quot;:&quot;classic&quot;}\">\n\t\t\t\t\t\t\t<div class=\"elementor-background-overlay\"><\/div>\n\t\t\t\t\t\t\t<div class=\"elementor-container elementor-column-gap-default\">\n\t\t\t\t\t<div class=\"elementor-column elementor-col-50 elementor-top-column elementor-element elementor-element-281c38c\" data-id=\"281c38c\" data-element_type=\"column\" data-e-type=\"column\">\n\t\t\t<div class=\"elementor-widget-wrap elementor-element-populated\">\n\t\t\t\t\t\t<div class=\"elementor-element elementor-element-d73afa3 elementor-widget elementor-widget-heading\" data-id=\"d73afa3\" data-element_type=\"widget\" data-e-type=\"widget\" data-widget_type=\"heading.default\">\n\t\t\t\t<div class=\"elementor-widget-container\">\n\t\t\t\t\t<h1 class=\"elementor-heading-title elementor-size-default\">SITEMAP<\/h1>\t\t\t\t<\/div>\n\t\t\t\t<\/div>\n\t\t\t\t\t<\/div>\n\t\t<\/div>\n\t\t\t\t<div class=\"elementor-column elementor-col-50 elementor-top-column elementor-element elementor-element-2f5627a\" data-id=\"2f5627a\" data-element_type=\"column\" data-e-type=\"column\">\n\t\t\t<div class=\"elementor-widget-wrap\">\n\t\t\t\t\t\t\t<\/div>\n\t\t<\/div>\n\t\t\t\t\t<\/div>\n\t\t<\/section>\n\t\t\t\t<section class=\"elementor-section elementor-top-section elementor-element elementor-element-1b5dbb6 elementor-section-boxed elementor-section-height-default elementor-section-height-default\" data-id=\"1b5dbb6\" data-element_type=\"section\" data-e-type=\"section\" data-settings=\"{&quot;jet_parallax_layout_list&quot;:[],&quot;background_background&quot;:&quot;classic&quot;}\">\n\t\t\t\t\t\t<div class=\"elementor-container elementor-column-gap-default\">\n\t\t\t\t\t<div class=\"elementor-column elementor-col-100 elementor-top-column elementor-element elementor-element-788b366\" data-id=\"788b366\" data-element_type=\"column\" data-e-type=\"column\">\n\t\t\t<div class=\"elementor-widget-wrap elementor-element-populated\">\n\t\t\t\t\t\t<div class=\"elementor-element elementor-element-04422ac elementor-widget elementor-widget-jet-breadcrumbs\" data-id=\"04422ac\" data-element_type=\"widget\" data-e-type=\"widget\" data-widget_type=\"jet-breadcrumbs.default\">\n\t\t\t\t<div class=\"elementor-widget-container\">\n\t\t\t\t\t<div class=\"elementor-jet-breadcrumbs jet-blocks\">\n\t\t<div class=\"jet-breadcrumbs\">\n\t\t<div class=\"jet-breadcrumbs__content\">\n\t\t<div class=\"jet-breadcrumbs__wrap\"><div class=\"jet-breadcrumbs__item\"><a href=\"https:\/\/www.corfin.com.tr\/en\/\" class=\"jet-breadcrumbs__item-link is-home\" rel=\"home\" title=\"Home\">Home<\/a><\/div>\n\t\t<\/div>\n\t\t<\/div>\n\t\t<\/div><\/div>\t\t\t\t<\/div>\n\t\t\t\t<\/div>\n\t\t\t\t\t<\/div>\n\t\t<\/div>\n\t\t\t\t\t<\/div>\n\t\t<\/section>\n\t\t\t\t<section class=\"elementor-section elementor-top-section elementor-element elementor-element-b042ad3 elementor-section-boxed elementor-section-height-default elementor-section-height-default\" data-id=\"b042ad3\" data-element_type=\"section\" data-e-type=\"section\" data-settings=\"{&quot;jet_parallax_layout_list&quot;:[]}\">\n\t\t\t\t\t\t<div class=\"elementor-container elementor-column-gap-default\">\n\t\t\t\t\t<div class=\"elementor-column elementor-col-100 elementor-top-column elementor-element elementor-element-665d60e\" data-id=\"665d60e\" data-element_type=\"column\" data-e-type=\"column\">\n\t\t\t<div class=\"elementor-widget-wrap elementor-element-populated\">\n\t\t\t\t\t\t<div class=\"elementor-element elementor-element-4650332 elementor-widget elementor-widget-sitemap\" data-id=\"4650332\" data-element_type=\"widget\" data-e-type=\"widget\" data-widget_type=\"sitemap.default\">\n\t\t\t\t<div class=\"elementor-widget-container\">\n\t\t\t\t\t<div class=\"elementor-sitemap-wrap\"><div class=\"elementor-sitemap-section\"><h2 class=\"elementor-sitemap-title elementor-sitemap-page-title\">Sayfalar<\/h2><ul class=\"elementor-sitemap-list elementor-sitemap-page-list\"><li class=\"elementor-sitemap-item elementor-sitemap-item-page page_item page-item-6574\"><a href=\"https:\/\/www.corfin.com.tr\/en\/about-us\/\">About Us<\/a><ul class='children'><li class=\"elementor-sitemap-item elementor-sitemap-item-page page_item page-item-6579\"><a href=\"https:\/\/www.corfin.com.tr\/en\/about-us\/career\/\">CAREER<\/a><\/li><li class=\"elementor-sitemap-item elementor-sitemap-item-page page_item page-item-6581\"><a href=\"https:\/\/www.corfin.com.tr\/en\/about-us\/certificates\/\">Certificates<\/a><\/li><li class=\"elementor-sitemap-item elementor-sitemap-item-page page_item page-item-6576\"><a href=\"https:\/\/www.corfin.com.tr\/en\/about-us\/contact\/\">Contact<\/a><\/li><li class=\"elementor-sitemap-item elementor-sitemap-item-page page_item page-item-6577\"><a href=\"https:\/\/www.corfin.com.tr\/en\/about-us\/our-business-partners\/\">Our Business Partners<\/a><\/li><li class=\"elementor-sitemap-item elementor-sitemap-item-page page_item page-item-6582\"><a href=\"https:\/\/www.corfin.com.tr\/en\/about-us\/our-management-team\/\">Our Management Team<\/a><\/li><li class=\"elementor-sitemap-item elementor-sitemap-item-page page_item page-item-6578\"><a href=\"https:\/\/www.corfin.com.tr\/en\/about-us\/our-quality-policy\/\">Our Quality Policy<\/a><\/li><li class=\"elementor-sitemap-item elementor-sitemap-item-page page_item page-item-6584\"><a href=\"https:\/\/www.corfin.com.tr\/en\/about-us\/social-responsibility\/\">Social Responsibility<\/a><\/li><li class=\"elementor-sitemap-item elementor-sitemap-item-page page_item page-item-6575\"><a href=\"https:\/\/www.corfin.com.tr\/en\/about-us\/who-we-are\/\">Who We Are<\/a><\/li><\/ul><\/li><li class=\"elementor-sitemap-item elementor-sitemap-item-page page_item page-item-6567\"><a href=\"https:\/\/www.corfin.com.tr\/en\/applications\/\">Applications<\/a><ul class='children'><li class=\"elementor-sitemap-item elementor-sitemap-item-page page_item page-item-6675\"><a href=\"https:\/\/www.corfin.com.tr\/en\/applications\/grease-quantity-calculation-tool\/\">Grease Quantity Calculation Tool<\/a><\/li><li class=\"elementor-sitemap-item elementor-sitemap-item-page page_item page-item-6586\"><a href=\"https:\/\/www.corfin.com.tr\/en\/applications\/product-selection-tool\/\">Product Selection Tool<\/a><\/li><\/ul><\/li><li class=\"elementor-sitemap-item elementor-sitemap-item-page page_item page-item-6573\"><a href=\"https:\/\/www.corfin.com.tr\/en\/blog\/\">Blog<\/a><\/li><li class=\"elementor-sitemap-item elementor-sitemap-item-page page_item page-item-6674\"><a href=\"https:\/\/www.corfin.com.tr\/en\/frequently-asked-questions\/\">Frequently Asked Questions<\/a><\/li><li class=\"elementor-sitemap-item elementor-sitemap-item-page page_item page-item-6294\"><a href=\"https:\/\/www.corfin.com.tr\/en\/\">Home<\/a><\/li><li class=\"elementor-sitemap-item elementor-sitemap-item-page page_item page-item-6296\"><a href=\"https:\/\/www.corfin.com.tr\/en\/industrial-solutions\/\">Industrial Solutions<\/a><ul class='children'><li class=\"elementor-sitemap-item elementor-sitemap-item-page page_item page-item-6571\"><a href=\"https:\/\/www.corfin.com.tr\/en\/industrial-solutions\/automotive-sector\/\">Automotive Sector<\/a><\/li><li class=\"elementor-sitemap-item elementor-sitemap-item-page page_item page-item-6298\"><a href=\"https:\/\/www.corfin.com.tr\/en\/industrial-solutions\/cement-sector\/\">Cement Sector<\/a><\/li><li class=\"elementor-sitemap-item elementor-sitemap-item-page page_item page-item-6568\"><a href=\"https:\/\/www.corfin.com.tr\/en\/industrial-solutions\/chemical-sector\/\">Chemical Sector<\/a><\/li><li class=\"elementor-sitemap-item elementor-sitemap-item-page page_item page-item-6300\"><a href=\"https:\/\/www.corfin.com.tr\/en\/industrial-solutions\/energy-sector\/\">Energy Sector<\/a><\/li><li class=\"elementor-sitemap-item elementor-sitemap-item-page page_item page-item-6301\"><a href=\"https:\/\/www.corfin.com.tr\/en\/industrial-solutions\/food-and-pharmaceutical-sectors\/\">Food and Pharmaceutical Sectors<\/a><\/li><li class=\"elementor-sitemap-item elementor-sitemap-item-page page_item page-item-6299\"><a href=\"https:\/\/www.corfin.com.tr\/en\/industrial-solutions\/iron-and-steel-sector\/\">Iron and Steel Sector<\/a><\/li><li class=\"elementor-sitemap-item elementor-sitemap-item-page page_item page-item-6570\"><a href=\"https:\/\/www.corfin.com.tr\/en\/industrial-solutions\/metal-sector\/\">Metal Sector<\/a><\/li><li class=\"elementor-sitemap-item elementor-sitemap-item-page page_item page-item-6569\"><a href=\"https:\/\/www.corfin.com.tr\/en\/industrial-solutions\/mining-sector\/\">Mining Sector<\/a><\/li><li class=\"elementor-sitemap-item elementor-sitemap-item-page page_item page-item-6572\"><a href=\"https:\/\/www.corfin.com.tr\/en\/industrial-solutions\/textile-sector\/\">Textile Sector<\/a><\/li><li class=\"elementor-sitemap-item elementor-sitemap-item-page page_item page-item-6297\"><a href=\"https:\/\/www.corfin.com.tr\/en\/industrial-solutions\/wood-paper-industry\/\">Wood &#8211; Paper Industry<\/a><\/li><\/ul><\/li><li class=\"elementor-sitemap-item elementor-sitemap-item-page page_item page-item-6672\"><a href=\"https:\/\/www.corfin.com.tr\/en\/privacy\/\">Privacy<\/a><\/li><li class=\"elementor-sitemap-item elementor-sitemap-item-page page_item page-item-6585\"><a href=\"https:\/\/www.corfin.com.tr\/en\/sitemap\/\">Sitemap<\/a><\/li><li class=\"elementor-sitemap-item elementor-sitemap-item-page page_item page-item-6673\"><a href=\"https:\/\/www.corfin.com.tr\/en\/terms-of-use\/\">Terms of Use<\/a><\/li><\/ul><\/div><div class=\"elementor-sitemap-section\"><h2 class=\"elementor-sitemap-title elementor-sitemap-gresler-title\">Gresler<\/h2><ul class=\"elementor-sitemap-list elementor-sitemap-gresler-list\"><li class=\"elementor-sitemap-item elementor-sitemap-item-gresler page_item page-item-6213\"><a href=\"https:\/\/www.corfin.com.tr\/en\/gresler\/aluminum-complex-grease-plexon-ga-461\/\">Aluminum Complex Grease [PLEXON GA 461]<\/a><\/li><li class=\"elementor-sitemap-item elementor-sitemap-item-gresler page_item page-item-6235\"><a href=\"https:\/\/www.corfin.com.tr\/en\/gresler\/bearing-and-sliding-system-grease-cs-132\/\">Bearing and Sliding System Grease [CS 132]<\/a><\/li><li class=\"elementor-sitemap-item elementor-sitemap-item-gresler page_item page-item-6167\"><a href=\"https:\/\/www.corfin.com.tr\/en\/gresler\/calcium-sulfonate-complex-grease-coldex\/\">Calcium Sulfonate Complex Grease [COLDEX]<\/a><\/li><li class=\"elementor-sitemap-item elementor-sitemap-item-gresler page_item page-item-6227\"><a href=\"https:\/\/www.corfin.com.tr\/en\/gresler\/calcium-sulfonate-complex-grease-corfinsteel\/\">Calcium Sulfonate Complex Grease [CORFINSTEEL]<\/a><\/li><li class=\"elementor-sitemap-item elementor-sitemap-item-gresler page_item page-item-6223\"><a href=\"https:\/\/www.corfin.com.tr\/en\/gresler\/complex-white-special-2-corfintex-n\/\">Complex White Special 2 [CORFINTEX-N]<\/a><\/li><li class=\"elementor-sitemap-item elementor-sitemap-item-gresler page_item page-item-6203\"><a href=\"https:\/\/www.corfin.com.tr\/en\/gresler\/extreme-synthetic-grease-zerax-5502\/\">Extreme Synthetic Grease [ZERAX 5502]<\/a><\/li><li class=\"elementor-sitemap-item elementor-sitemap-item-gresler page_item page-item-6250\"><a href=\"https:\/\/www.corfin.com.tr\/en\/gresler\/high-performance-grease-plexon-h1-461\/\">High Performance Grease [PLEXON H1 461]<\/a><\/li><li class=\"elementor-sitemap-item elementor-sitemap-item-gresler page_item page-item-6247\"><a href=\"https:\/\/www.corfin.com.tr\/en\/gresler\/high-speed-grease-uniflex-15\/\">High Speed Grease [UNIFLEX 15]<\/a><\/li><li class=\"elementor-sitemap-item elementor-sitemap-item-gresler page_item page-item-6254\"><a href=\"https:\/\/www.corfin.com.tr\/en\/gresler\/high-temperature-assembly-paste-akopaste-900\/\">High Temperature Assembly Paste [AKOPASTE 900]<\/a><\/li><li class=\"elementor-sitemap-item elementor-sitemap-item-gresler page_item page-item-6181\"><a href=\"https:\/\/www.corfin.com.tr\/en\/gresler\/high-temperature-grease-steeltherm-461\/\">High Temperature Grease [STEELTHERM 461]<\/a><\/li><li class=\"elementor-sitemap-item elementor-sitemap-item-gresler page_item page-item-6196\"><a href=\"https:\/\/www.corfin.com.tr\/en\/gresler\/lithium-general-lubricating-grease-special-ep-2\/\">Lithium General Lubricating Grease [SPECIAL EP 2]<\/a><\/li><li class=\"elementor-sitemap-item elementor-sitemap-item-gresler page_item page-item-6207\"><a href=\"https:\/\/www.corfin.com.tr\/en\/gresler\/open-gear-grease-complex-ag-1500\/\">Open Gear Grease [COMPLEX AG 1500]<\/a><\/li><li class=\"elementor-sitemap-item elementor-sitemap-item-gresler page_item page-item-6232\"><a href=\"https:\/\/www.corfin.com.tr\/en\/gresler\/ptfe-high-temperature-grease-akoberta-55-2\/\">PTFE High Temperature Grease [AKOBERTA 55\/2]<\/a><\/li><li class=\"elementor-sitemap-item elementor-sitemap-item-gresler page_item page-item-6244\"><a href=\"https:\/\/www.corfin.com.tr\/en\/gresler\/sound-reducing-bearing-grease-silent-72\/\">Sound Reducing Bearing Grease [SILENT 72]<\/a><\/li><li class=\"elementor-sitemap-item elementor-sitemap-item-gresler page_item page-item-6237\"><a href=\"https:\/\/www.corfin.com.tr\/en\/gresler\/synthetic-bearing-grease-corfin-pe-461\/\">Synthetic Bearing Grease [CORFIN PE 461]<\/a><\/li><li class=\"elementor-sitemap-item elementor-sitemap-item-gresler page_item page-item-6240\"><a href=\"https:\/\/www.corfin.com.tr\/en\/gresler\/synthetic-high-speed-grease-uniflex-18\/\">Synthetic High Speed Grease [UNIFLEX 18]<\/a><\/li><li class=\"elementor-sitemap-item elementor-sitemap-item-gresler page_item page-item-6219\"><a href=\"https:\/\/www.corfin.com.tr\/en\/gresler\/white-bearing-grease-corfintex-2\/\">White Bearing Grease [CORFINTEX-2]<\/a><\/li><li class=\"elementor-sitemap-item elementor-sitemap-item-gresler page_item page-item-6190\"><a href=\"https:\/\/www.corfin.com.tr\/en\/gresler\/white-grease-nsf-h1-approved-cerax-4602\/\">White Grease NSF H1 Approved [CERAX 4602]<\/a><\/li><\/ul><\/div><div class=\"elementor-sitemap-section\"><h2 class=\"elementor-sitemap-title elementor-sitemap-madeni-yaglar-title\">Madeni Ya\u011flar<\/h2><ul class=\"elementor-sitemap-list elementor-sitemap-madeni-yaglar-list\"><li class=\"elementor-sitemap-item elementor-sitemap-item-madeni-yaglar page_item page-item-6258\"><a href=\"https:\/\/www.corfin.com.tr\/en\/madeni-yaglar\/circular-knitting-machine-oil-armoni\/\">Circular Knitting Machine Oil [ARMONI]<\/a><\/li><li class=\"elementor-sitemap-item elementor-sitemap-item-madeni-yaglar page_item page-item-6587\"><a href=\"https:\/\/www.corfin.com.tr\/en\/madeni-yaglar\/high-temperature-chain-oil-zet-22-320\/\">High Temperature Chain Oil [ZET 22\/320]<\/a><\/li><li class=\"elementor-sitemap-item elementor-sitemap-item-madeni-yaglar page_item page-item-6593\"><a href=\"https:\/\/www.corfin.com.tr\/en\/madeni-yaglar\/insulating-protection-oil-protactive\/\">Insulating Protection Oil [PROTACTIVE]<\/a><\/li><li class=\"elementor-sitemap-item elementor-sitemap-item-madeni-yaglar page_item page-item-6654\"><a href=\"https:\/\/www.corfin.com.tr\/en\/madeni-yaglar\/metal-processing-oils-bry-16\/\">Metal Processing Oils [BRY 16]<\/a><\/li><li class=\"elementor-sitemap-item elementor-sitemap-item-madeni-yaglar page_item page-item-6670\"><a href=\"https:\/\/www.corfin.com.tr\/en\/madeni-yaglar\/mineral-compressor-oil-corfin-komp\/\">Mineral Compressor Oil [CORFIN KOMP]<\/a><\/li><li class=\"elementor-sitemap-item elementor-sitemap-item-madeni-yaglar page_item page-item-6659\"><a href=\"https:\/\/www.corfin.com.tr\/en\/madeni-yaglar\/mineral-gear-oil-corfin-disli\/\">Mineral Gear Oil [CORFIN D\u0130\u015eL\u0130]<\/a><\/li><li class=\"elementor-sitemap-item elementor-sitemap-item-madeni-yaglar page_item page-item-6661\"><a href=\"https:\/\/www.corfin.com.tr\/en\/madeni-yaglar\/mineral-hydraulic-oil-corfin-hidro\/\">Mineral Hydraulic Oil [CORFIN HIDRO]<\/a><\/li><li class=\"elementor-sitemap-item elementor-sitemap-item-madeni-yaglar page_item page-item-6598\"><a href=\"https:\/\/www.corfin.com.tr\/en\/madeni-yaglar\/pharmaceutical-food-industry-lubricant-univer-h1-nfc\/\">Pharmaceutical &#8211; Food Industry Lubricant [UNIVER H1 NFC]<\/a><\/li><li class=\"elementor-sitemap-item elementor-sitemap-item-madeni-yaglar page_item page-item-6652\"><a href=\"https:\/\/www.corfin.com.tr\/en\/madeni-yaglar\/protective-oil-corfin-we-501\/\">Protective Oil [CORFIN WE 501]<\/a><\/li><li class=\"elementor-sitemap-item elementor-sitemap-item-madeni-yaglar page_item page-item-6667\"><a href=\"https:\/\/www.corfin.com.tr\/en\/madeni-yaglar\/pure-cutting-oil-cutting-xd\/\">Pure Cutting Oil [CUTTING XD]<\/a><\/li><li class=\"elementor-sitemap-item elementor-sitemap-item-madeni-yaglar page_item page-item-6589\"><a href=\"https:\/\/www.corfin.com.tr\/en\/madeni-yaglar\/relaxtive-lubricant-relaxtive-oil\/\">Relaxtive \u2013 Lubricant [RELAXTIVE OIL]<\/a><\/li><li class=\"elementor-sitemap-item elementor-sitemap-item-madeni-yaglar page_item page-item-6600\"><a href=\"https:\/\/www.corfin.com.tr\/en\/madeni-yaglar\/sled-oil-corfin-sld-32-220\/\">Sled Oil [CORFIN SLD 32\/220]<\/a><\/li><li class=\"elementor-sitemap-item elementor-sitemap-item-madeni-yaglar page_item page-item-6656\"><a href=\"https:\/\/www.corfin.com.tr\/en\/madeni-yaglar\/synthetic-compressor-oil-corfin-snt-komp\/\">Synthetic Compressor Oil [CORFIN SNT KOMP]<\/a><\/li><li class=\"elementor-sitemap-item elementor-sitemap-item-madeni-yaglar page_item page-item-6602\"><a href=\"https:\/\/www.corfin.com.tr\/en\/madeni-yaglar\/synthetic-compressor-oil-zirve-ysa-32-100\/\">Synthetic Compressor Oil [ZIRVE YSA 32\/100]<\/a><\/li><li class=\"elementor-sitemap-item elementor-sitemap-item-madeni-yaglar page_item page-item-6663\"><a href=\"https:\/\/www.corfin.com.tr\/en\/madeni-yaglar\/synthetic-gear-oil-corfin-snt-disli\/\">Synthetic Gear Oil [CORFIN SNT D\u0130\u015eL\u0130]<\/a><\/li><li class=\"elementor-sitemap-item elementor-sitemap-item-madeni-yaglar page_item page-item-6596\"><a href=\"https:\/\/www.corfin.com.tr\/en\/madeni-yaglar\/texture-yarn-oil-akolube-1002\/\">Texture Yarn Oil [AKOLUBE 1002]<\/a><\/li><\/ul><\/div><div class=\"elementor-sitemap-section\"><h2 class=\"elementor-sitemap-title elementor-sitemap-kimyasallar-title\">Kimyasallar<\/h2><span class=\"elementor-sitemap-list elementor-sitemap-kimyasallar-list\">None<\/span><\/div><div class=\"elementor-sitemap-section\"><h2 class=\"elementor-sitemap-title elementor-sitemap-post-title\">Blog<\/h2><span class=\"elementor-sitemap-list elementor-sitemap-post-list\">None<\/span><\/div><\/div>\t\t\t\t<\/div>\n\t\t\t\t<\/div>\n\t\t\t\t\t<\/div>\n\t\t<\/div>\n\t\t\t\t\t<\/div>\n\t\t<\/section>\n\t\t\t\t<\/div>\n\t\t","protected":false},"excerpt":{"rendered":"<p>SITEMAP Ana Sayfa<\/p>\n","protected":false},"author":7,"featured_media":0,"parent":0,"menu_order":0,"comment_status":"closed","ping_status":"closed","template":"","meta":{"footnotes":""},"class_list":["post-6585","page","type-page","status-publish","hentry"],"yoast_head":"<!-- This site is optimized with the Yoast SEO Premium plugin v27.2 (Yoast SEO v27.2) - https:\/\/yoast.com\/product\/yoast-seo-premium-wordpress\/ -->\n<title>Sitemap &#187; Corfin Lubrication<\/title>\n<meta name=\"robots\" content=\"index, follow, max-snippet:-1, max-image-preview:large, max-video-preview:-1\" \/>\n<link rel=\"canonical\" href=\"https:\/\/www.corfin.com.tr\/en\/sitemap\/\" \/>\n<meta property=\"og:locale\" content=\"en_US\" \/>\n<meta property=\"og:type\" content=\"article\" \/>\n<meta property=\"og:title\" content=\"Sitemap\" \/>\n<meta property=\"og:description\" content=\"SITEMAP Ana Sayfa\" \/>\n<meta property=\"og:url\" content=\"https:\/\/www.corfin.com.tr\/en\/sitemap\/\" \/>\n<meta property=\"og:site_name\" content=\"Corfin Lubrication\" \/>\n<meta property=\"article:publisher\" content=\"https:\/\/www.facebook.com\/CorfinLubrication\" \/>\n<meta property=\"article:modified_time\" content=\"2024-07-16T07:45:43+00:00\" \/>\n<meta name=\"twitter:card\" content=\"summary_large_image\" \/>\n<meta name=\"twitter:site\" content=\"@corfinlub\" \/>\n<script type=\"application\/ld+json\" class=\"yoast-schema-graph\">{\"@context\":\"https:\/\/schema.org\",\"@graph\":[{\"@type\":\"WebPage\",\"@id\":\"https:\/\/www.corfin.com.tr\/en\/sitemap\/\",\"url\":\"https:\/\/www.corfin.com.tr\/en\/sitemap\/\",\"name\":\"Sitemap &#187; Corfin Lubrication\",\"isPartOf\":{\"@id\":\"https:\/\/www.corfin.com.tr\/en\/#website\"},\"datePublished\":\"2022-07-05T07:12:43+00:00\",\"dateModified\":\"2024-07-16T07:45:43+00:00\",\"breadcrumb\":{\"@id\":\"https:\/\/www.corfin.com.tr\/en\/sitemap\/#breadcrumb\"},\"inLanguage\":\"en-US\",\"potentialAction\":[{\"@type\":\"ReadAction\",\"target\":[\"https:\/\/www.corfin.com.tr\/en\/sitemap\/\"]}]},{\"@type\":\"BreadcrumbList\",\"@id\":\"https:\/\/www.corfin.com.tr\/en\/sitemap\/#breadcrumb\",\"itemListElement\":[{\"@type\":\"ListItem\",\"position\":1,\"name\":\"Anasayfa\",\"item\":\"https:\/\/www.corfin.com.tr\/en\/\"},{\"@type\":\"ListItem\",\"position\":2,\"name\":\"Sitemap\"}]},{\"@type\":\"WebSite\",\"@id\":\"https:\/\/www.corfin.com.tr\/en\/#website\",\"url\":\"https:\/\/www.corfin.com.tr\/en\/\",\"name\":\"Corfin Lubrication\",\"description\":\"End\u00fcstrinin Destek G\u00fcc\u00fc\",\"publisher\":{\"@id\":\"https:\/\/www.corfin.com.tr\/en\/#organization\"},\"potentialAction\":[{\"@type\":\"SearchAction\",\"target\":{\"@type\":\"EntryPoint\",\"urlTemplate\":\"https:\/\/www.corfin.com.tr\/en\/?s={search_term_string}\"},\"query-input\":{\"@type\":\"PropertyValueSpecification\",\"valueRequired\":true,\"valueName\":\"search_term_string\"}}],\"inLanguage\":\"en-US\"},{\"@type\":\"Organization\",\"@id\":\"https:\/\/www.corfin.com.tr\/en\/#organization\",\"name\":\"Corfin Lubrication\",\"url\":\"https:\/\/www.corfin.com.tr\/en\/\",\"logo\":{\"@type\":\"ImageObject\",\"inLanguage\":\"en-US\",\"@id\":\"https:\/\/www.corfin.com.tr\/en\/#\/schema\/logo\/image\/\",\"url\":\"https:\/\/www.corfin.com.tr\/wp-content\/uploads\/corfin-lubrication-siyah-sari-logo.svg\",\"contentUrl\":\"https:\/\/www.corfin.com.tr\/wp-content\/uploads\/corfin-lubrication-siyah-sari-logo.svg\",\"width\":1200,\"height\":320.3,\"caption\":\"Corfin Lubrication\"},\"image\":{\"@id\":\"https:\/\/www.corfin.com.tr\/en\/#\/schema\/logo\/image\/\"},\"sameAs\":[\"https:\/\/www.facebook.com\/CorfinLubrication\",\"https:\/\/x.com\/corfinlub\",\"https:\/\/tr.linkedin.com\/company\/corfin-lubrication\",\"https:\/\/www.youtube.com\/channel\/UCHvPY5xapmDyWvGGcUkRVgg\"]}]}<\/script>\n<!-- \/ Yoast SEO Premium plugin. -->","yoast_head_json":{"title":"Sitemap &#187; Corfin Lubrication","robots":{"index":"index","follow":"follow","max-snippet":"max-snippet:-1","max-image-preview":"max-image-preview:large","max-video-preview":"max-video-preview:-1"},"canonical":"https:\/\/www.corfin.com.tr\/en\/sitemap\/","og_locale":"en_US","og_type":"article","og_title":"Sitemap","og_description":"SITEMAP Ana Sayfa","og_url":"https:\/\/www.corfin.com.tr\/en\/sitemap\/","og_site_name":"Corfin Lubrication","article_publisher":"https:\/\/www.facebook.com\/CorfinLubrication","article_modified_time":"2024-07-16T07:45:43+00:00","twitter_card":"summary_large_image","twitter_site":"@corfinlub","schema":{"@context":"https:\/\/schema.org","@graph":[{"@type":"WebPage","@id":"https:\/\/www.corfin.com.tr\/en\/sitemap\/","url":"https:\/\/www.corfin.com.tr\/en\/sitemap\/","name":"Sitemap &#187; Corfin Lubrication","isPartOf":{"@id":"https:\/\/www.corfin.com.tr\/en\/#website"},"datePublished":"2022-07-05T07:12:43+00:00","dateModified":"2024-07-16T07:45:43+00:00","breadcrumb":{"@id":"https:\/\/www.corfin.com.tr\/en\/sitemap\/#breadcrumb"},"inLanguage":"en-US","potentialAction":[{"@type":"ReadAction","target":["https:\/\/www.corfin.com.tr\/en\/sitemap\/"]}]},{"@type":"BreadcrumbList","@id":"https:\/\/www.corfin.com.tr\/en\/sitemap\/#breadcrumb","itemListElement":[{"@type":"ListItem","position":1,"name":"Anasayfa","item":"https:\/\/www.corfin.com.tr\/en\/"},{"@type":"ListItem","position":2,"name":"Sitemap"}]},{"@type":"WebSite","@id":"https:\/\/www.corfin.com.tr\/en\/#website","url":"https:\/\/www.corfin.com.tr\/en\/","name":"Corfin Lubrication","description":"End\u00fcstrinin Destek G\u00fcc\u00fc","publisher":{"@id":"https:\/\/www.corfin.com.tr\/en\/#organization"},"potentialAction":[{"@type":"SearchAction","target":{"@type":"EntryPoint","urlTemplate":"https:\/\/www.corfin.com.tr\/en\/?s={search_term_string}"},"query-input":{"@type":"PropertyValueSpecification","valueRequired":true,"valueName":"search_term_string"}}],"inLanguage":"en-US"},{"@type":"Organization","@id":"https:\/\/www.corfin.com.tr\/en\/#organization","name":"Corfin Lubrication","url":"https:\/\/www.corfin.com.tr\/en\/","logo":{"@type":"ImageObject","inLanguage":"en-US","@id":"https:\/\/www.corfin.com.tr\/en\/#\/schema\/logo\/image\/","url":"https:\/\/www.corfin.com.tr\/wp-content\/uploads\/corfin-lubrication-siyah-sari-logo.svg","contentUrl":"https:\/\/www.corfin.com.tr\/wp-content\/uploads\/corfin-lubrication-siyah-sari-logo.svg","width":1200,"height":320.3,"caption":"Corfin Lubrication"},"image":{"@id":"https:\/\/www.corfin.com.tr\/en\/#\/schema\/logo\/image\/"},"sameAs":["https:\/\/www.facebook.com\/CorfinLubrication","https:\/\/x.com\/corfinlub","https:\/\/tr.linkedin.com\/company\/corfin-lubrication","https:\/\/www.youtube.com\/channel\/UCHvPY5xapmDyWvGGcUkRVgg"]}]}},"_links":{"self":[{"href":"https:\/\/www.corfin.com.tr\/en\/wp-json\/wp\/v2\/pages\/6585","targetHints":{"allow":["GET"]}}],"collection":[{"href":"https:\/\/www.corfin.com.tr\/en\/wp-json\/wp\/v2\/pages"}],"about":[{"href":"https:\/\/www.corfin.com.tr\/en\/wp-json\/wp\/v2\/types\/page"}],"author":[{"embeddable":true,"href":"https:\/\/www.corfin.com.tr\/en\/wp-json\/wp\/v2\/users\/7"}],"replies":[{"embeddable":true,"href":"https:\/\/www.corfin.com.tr\/en\/wp-json\/wp\/v2\/comments?post=6585"}],"version-history":[{"count":0,"href":"https:\/\/www.corfin.com.tr\/en\/wp-json\/wp\/v2\/pages\/6585\/revisions"}],"wp:attachment":[{"href":"https:\/\/www.corfin.com.tr\/en\/wp-json\/wp\/v2\/media?parent=6585"}],"curies":[{"name":"wp","href":"https:\/\/api.w.org\/{rel}","templated":true}]}}