{"id":6672,"date":"2022-07-05T10:46:50","date_gmt":"2022-07-05T07:46:50","guid":{"rendered":"https:\/\/www.corfin.com.tr\/privacy\/"},"modified":"2024-07-29T12:11:52","modified_gmt":"2024-07-29T09:11:52","slug":"privacy","status":"publish","type":"page","link":"https:\/\/www.corfin.com.tr\/en\/privacy\/","title":{"rendered":"Privacy"},"content":{"rendered":"\t\t<div data-elementor-type=\"wp-page\" data-elementor-id=\"6672\" class=\"elementor elementor-6672 elementor-2781\" data-elementor-post-type=\"page\">\n\t\t\t\t\t\t<section class=\"elementor-section elementor-top-section elementor-element elementor-element-914897a elementor-section-height-min-height elementor-section-boxed elementor-section-height-default elementor-section-items-middle\" data-id=\"914897a\" data-element_type=\"section\" data-e-type=\"section\" data-settings=\"{&quot;jet_parallax_layout_list&quot;:[],&quot;background_background&quot;:&quot;classic&quot;}\">\n\t\t\t\t\t\t\t<div class=\"elementor-background-overlay\"><\/div>\n\t\t\t\t\t\t\t<div class=\"elementor-container elementor-column-gap-default\">\n\t\t\t\t\t<div class=\"elementor-column elementor-col-50 elementor-top-column elementor-element elementor-element-a244c60\" data-id=\"a244c60\" data-element_type=\"column\" data-e-type=\"column\">\n\t\t\t<div class=\"elementor-widget-wrap elementor-element-populated\">\n\t\t\t\t\t\t<div class=\"elementor-element elementor-element-2c62483 elementor-widget elementor-widget-heading\" data-id=\"2c62483\" data-element_type=\"widget\" data-e-type=\"widget\" data-widget_type=\"heading.default\">\n\t\t\t\t<div class=\"elementor-widget-container\">\n\t\t\t\t\t<h1 class=\"elementor-heading-title elementor-size-default\">PRIVACY<br><strong>NOTICE<\/strong><\/h1>\t\t\t\t<\/div>\n\t\t\t\t<\/div>\n\t\t\t\t\t<\/div>\n\t\t<\/div>\n\t\t\t\t<div class=\"elementor-column elementor-col-50 elementor-top-column elementor-element elementor-element-3605af1\" data-id=\"3605af1\" data-element_type=\"column\" data-e-type=\"column\">\n\t\t\t<div class=\"elementor-widget-wrap\">\n\t\t\t\t\t\t\t<\/div>\n\t\t<\/div>\n\t\t\t\t\t<\/div>\n\t\t<\/section>\n\t\t\t\t<section class=\"elementor-section elementor-top-section elementor-element elementor-element-3358203 elementor-section-boxed elementor-section-height-default elementor-section-height-default\" data-id=\"3358203\" data-element_type=\"section\" data-e-type=\"section\" data-settings=\"{&quot;jet_parallax_layout_list&quot;:[],&quot;background_background&quot;:&quot;classic&quot;}\">\n\t\t\t\t\t\t<div class=\"elementor-container elementor-column-gap-default\">\n\t\t\t\t\t<div class=\"elementor-column elementor-col-100 elementor-top-column elementor-element elementor-element-d7ff082\" data-id=\"d7ff082\" data-element_type=\"column\" data-e-type=\"column\">\n\t\t\t<div class=\"elementor-widget-wrap elementor-element-populated\">\n\t\t\t\t\t\t<div class=\"elementor-element elementor-element-940b4ce elementor-widget elementor-widget-jet-breadcrumbs\" data-id=\"940b4ce\" data-element_type=\"widget\" data-e-type=\"widget\" data-widget_type=\"jet-breadcrumbs.default\">\n\t\t\t\t<div class=\"elementor-widget-container\">\n\t\t\t\t\t<div class=\"elementor-jet-breadcrumbs jet-blocks\">\n\t\t<div class=\"jet-breadcrumbs\">\n\t\t<div class=\"jet-breadcrumbs__content\">\n\t\t<div class=\"jet-breadcrumbs__wrap\"><div class=\"jet-breadcrumbs__item\"><a href=\"https:\/\/www.corfin.com.tr\/en\/\" class=\"jet-breadcrumbs__item-link is-home\" rel=\"home\" title=\"Home\">Home<\/a><\/div>\n\t\t<\/div>\n\t\t<\/div>\n\t\t<\/div><\/div>\t\t\t\t<\/div>\n\t\t\t\t<\/div>\n\t\t\t\t\t<\/div>\n\t\t<\/div>\n\t\t\t\t\t<\/div>\n\t\t<\/section>\n\t\t\t\t<section class=\"elementor-section elementor-top-section elementor-element elementor-element-ee03cf3 elementor-section-boxed elementor-section-height-default elementor-section-height-default\" data-id=\"ee03cf3\" data-element_type=\"section\" data-e-type=\"section\" data-settings=\"{&quot;jet_parallax_layout_list&quot;:[]}\">\n\t\t\t\t\t\t<div class=\"elementor-container elementor-column-gap-default\">\n\t\t\t\t\t<div class=\"elementor-column elementor-col-100 elementor-top-column elementor-element elementor-element-ff34c3e\" data-id=\"ff34c3e\" data-element_type=\"column\" data-e-type=\"column\">\n\t\t\t<div class=\"elementor-widget-wrap elementor-element-populated\">\n\t\t\t\t\t\t<div class=\"elementor-element elementor-element-57de728 elementor-widget elementor-widget-text-editor\" data-id=\"57de728\" data-element_type=\"widget\" data-e-type=\"widget\" data-widget_type=\"text-editor.default\">\n\t\t\t\t<div class=\"elementor-widget-container\">\n\t\t\t\t\t\t\t\t\t<p>The use and protection of the information we obtain about you and the services you request during your visit to this website and your use of the services we offer through this website are subject to the terms set out in this \u201cPrivacy Statement\u201d. By visiting this website and requesting to benefit from the services we offer through this site, you agree to the terms set out in this \u201cPrivacy Statement\u201d. <\/p>\n<p>Information Use and Protection<\/p>\n<p>Akoni Kimya Bilgi Teknolojileri San. ve Tic. A.\u015e. or other companies that exist under the name of corfin.com.tr request some of your personal information (name, surname, age, e-mail, telephone, etc.) in order to provide better service to its customers.<\/p>\n<p>The statistical data (browser type, geographical location, age, gender, etc.) that can be obtained from this personal information collected are used within Akoni Kimya Bilgi Teknolojileri San. ve Tic. A.\u015e. or other companies that exist under the name of corfin.com.tr in periodical campaign studies, e-bulletin studies, designing special promotional activities for customer profiles and customer \u201cclassification\u201d studies to prevent the transmission of unwanted e-mails. A.\u015e. or other companies that exist under the name corfin.com.tr.<\/p>\n<p>Akoni Kimya Bilgi Teknolojileri San. ve Tic. A.\u015e. or other companies that exist under the name of corfin.com.tr, do not share the information collected from membership forms with third parties, do not use or sell it for commercial purposes for any reason other than activity, without the knowledge or contrary instruction of the member in question.<\/p>\n<p>Akoni Kimya Bilgi Teknolojileri San. ve Tic. A.\u015e. or other companies that exist under the name of corfin.com.tr, analyzes and interprets visitor movements and preferences that it monitors during the use of the site, apart from the personal information requested in e-mail addresses and membership forms. This statistical data, which does not contain personal information, is used to provide guests with a more special and effective shopping experience.<\/p>\n<p>If you want to unsubscribe from the corfin.com.tr e-newsletter list, you can click on the link \u201cclick here if you do not want to receive this newsletter again\u201d at the bottom of the e-newsletter.<\/p>\n<p>Customer information may be disclosed to official authorities only if such information is duly requested by the official authorities and in cases where it is obliged to disclose to the official authorities in accordance with the provisions of the mandatory legislation in force.<\/p>\n<p>Only the Customer can access all information entered by the Customer into the system and only the Customer can change this information. It is not possible for anyone else to access and change this information. <\/p>\n<p>Your credit card information requested on the payment page is taken with 3D Secure application in order to keep the security of our guests shopping on the site at the highest level. In this way, all transactions for payment are realized between the bank and your computer through the corfin.com.tr interface. However, despite this, it cannot provide a guarantee on security issues.  <\/p>\n<p>Due to the structure of the Internet, information can circulate on the Internet despite adequate security measures and can be taken and used by unauthorized persons. Any damage arising from this use and use is not the responsibility of Akoni Kimya Bilgi Teknolojileri San. ve Tic. A.\u015e. or other companies that exist under the name of corfin.com.tr.<\/p>\n<p>The information collected is stored in a secure environment that is not publicly available.<\/p>\n<p>Regarding Links to Third Party Sites<\/p>\n<p>Akoni Kimya Bilgi Teknolojileri San. ve Tic. A.\u015e. or other companies that exist under the name corfin.com.tr does not guarantee the privacy policies of third-party websites that you will access through links on the website, so we recommend that you evaluate the privacy approaches of the sites you visit before providing any personally identifiable information.<\/p>\n<p>Contact<\/p>\n<p>For your questions about the confidentiality agreement, you can contact us using the contact information below.<\/p>\n<p>Akoni Kimya Bilgi Teknolojileri San. ve Tic. A.\u015e.<\/p>\n<p>Phone: +90 216 300 08 00<\/p>\n<p>Fax: +90 850 811 15 05<\/p>\n<p>Mail: iletisim@corfin.com.tr<\/p>\n\t\t\t\t\t\t\t\t<\/div>\n\t\t\t\t<\/div>\n\t\t\t\t\t<\/div>\n\t\t<\/div>\n\t\t\t\t\t<\/div>\n\t\t<\/section>\n\t\t\t\t<\/div>\n\t\t","protected":false},"excerpt":{"rendered":"<p>PRIVACYNOTICE Ana Sayfa The use and protection of the information we obtain about you and the services you request during your visit to this website and your use of the services we offer through this website are subject to the terms set out in this \u201cPrivacy Statement\u201d. By visiting this website and requesting to benefit [&hellip;]<\/p>\n","protected":false},"author":7,"featured_media":0,"parent":0,"menu_order":0,"comment_status":"closed","ping_status":"closed","template":"","meta":{"footnotes":""},"class_list":["post-6672","page","type-page","status-publish","hentry"],"yoast_head":"<!-- This site is optimized with the Yoast SEO Premium plugin v27.2 (Yoast SEO v27.2) - https:\/\/yoast.com\/product\/yoast-seo-premium-wordpress\/ -->\n<title>Privacy &#187; Corfin Lubrication<\/title>\n<meta name=\"description\" content=\"We offer you a much better service thanks to our privacy statement on the protection of information. You can review the statement on our page.\" \/>\n<meta name=\"robots\" content=\"index, follow, max-snippet:-1, max-image-preview:large, max-video-preview:-1\" \/>\n<link rel=\"canonical\" href=\"https:\/\/www.corfin.com.tr\/en\/privacy\/\" \/>\n<meta property=\"og:locale\" content=\"en_US\" \/>\n<meta property=\"og:type\" content=\"article\" \/>\n<meta property=\"og:title\" content=\"Privacy\" \/>\n<meta property=\"og:description\" content=\"We offer you a much better service thanks to our privacy statement on the protection of information. You can review the statement on our page.\" \/>\n<meta property=\"og:url\" content=\"https:\/\/www.corfin.com.tr\/en\/privacy\/\" \/>\n<meta property=\"og:site_name\" content=\"Corfin Lubrication\" \/>\n<meta property=\"article:publisher\" content=\"https:\/\/www.facebook.com\/CorfinLubrication\" \/>\n<meta property=\"article:modified_time\" content=\"2024-07-29T09:11:52+00:00\" \/>\n<meta name=\"twitter:card\" content=\"summary_large_image\" \/>\n<meta name=\"twitter:site\" content=\"@corfinlub\" \/>\n<meta name=\"twitter:label1\" content=\"Est. reading time\" \/>\n\t<meta name=\"twitter:data1\" content=\"3 minutes\" \/>\n<script type=\"application\/ld+json\" class=\"yoast-schema-graph\">{\"@context\":\"https:\/\/schema.org\",\"@graph\":[{\"@type\":\"WebPage\",\"@id\":\"https:\/\/www.corfin.com.tr\/en\/privacy\/\",\"url\":\"https:\/\/www.corfin.com.tr\/en\/privacy\/\",\"name\":\"Privacy &#187; Corfin Lubrication\",\"isPartOf\":{\"@id\":\"https:\/\/www.corfin.com.tr\/en\/#website\"},\"datePublished\":\"2022-07-05T07:46:50+00:00\",\"dateModified\":\"2024-07-29T09:11:52+00:00\",\"description\":\"We offer you a much better service thanks to our privacy statement on the protection of information. You can review the statement on our page.\",\"breadcrumb\":{\"@id\":\"https:\/\/www.corfin.com.tr\/en\/privacy\/#breadcrumb\"},\"inLanguage\":\"en-US\",\"potentialAction\":[{\"@type\":\"ReadAction\",\"target\":[\"https:\/\/www.corfin.com.tr\/en\/privacy\/\"]}]},{\"@type\":\"BreadcrumbList\",\"@id\":\"https:\/\/www.corfin.com.tr\/en\/privacy\/#breadcrumb\",\"itemListElement\":[{\"@type\":\"ListItem\",\"position\":1,\"name\":\"Anasayfa\",\"item\":\"https:\/\/www.corfin.com.tr\/en\/\"},{\"@type\":\"ListItem\",\"position\":2,\"name\":\"Privacy\"}]},{\"@type\":\"WebSite\",\"@id\":\"https:\/\/www.corfin.com.tr\/en\/#website\",\"url\":\"https:\/\/www.corfin.com.tr\/en\/\",\"name\":\"Corfin Lubrication\",\"description\":\"End\u00fcstrinin Destek G\u00fcc\u00fc\",\"publisher\":{\"@id\":\"https:\/\/www.corfin.com.tr\/en\/#organization\"},\"potentialAction\":[{\"@type\":\"SearchAction\",\"target\":{\"@type\":\"EntryPoint\",\"urlTemplate\":\"https:\/\/www.corfin.com.tr\/en\/?s={search_term_string}\"},\"query-input\":{\"@type\":\"PropertyValueSpecification\",\"valueRequired\":true,\"valueName\":\"search_term_string\"}}],\"inLanguage\":\"en-US\"},{\"@type\":\"Organization\",\"@id\":\"https:\/\/www.corfin.com.tr\/en\/#organization\",\"name\":\"Corfin Lubrication\",\"url\":\"https:\/\/www.corfin.com.tr\/en\/\",\"logo\":{\"@type\":\"ImageObject\",\"inLanguage\":\"en-US\",\"@id\":\"https:\/\/www.corfin.com.tr\/en\/#\/schema\/logo\/image\/\",\"url\":\"https:\/\/www.corfin.com.tr\/wp-content\/uploads\/corfin-lubrication-siyah-sari-logo.svg\",\"contentUrl\":\"https:\/\/www.corfin.com.tr\/wp-content\/uploads\/corfin-lubrication-siyah-sari-logo.svg\",\"width\":1200,\"height\":320.3,\"caption\":\"Corfin Lubrication\"},\"image\":{\"@id\":\"https:\/\/www.corfin.com.tr\/en\/#\/schema\/logo\/image\/\"},\"sameAs\":[\"https:\/\/www.facebook.com\/CorfinLubrication\",\"https:\/\/x.com\/corfinlub\",\"https:\/\/tr.linkedin.com\/company\/corfin-lubrication\",\"https:\/\/www.youtube.com\/channel\/UCHvPY5xapmDyWvGGcUkRVgg\"]}]}<\/script>\n<!-- \/ Yoast SEO Premium plugin. -->","yoast_head_json":{"title":"Privacy &#187; Corfin Lubrication","description":"We offer you a much better service thanks to our privacy statement on the protection of information. You can review the statement on our page.","robots":{"index":"index","follow":"follow","max-snippet":"max-snippet:-1","max-image-preview":"max-image-preview:large","max-video-preview":"max-video-preview:-1"},"canonical":"https:\/\/www.corfin.com.tr\/en\/privacy\/","og_locale":"en_US","og_type":"article","og_title":"Privacy","og_description":"We offer you a much better service thanks to our privacy statement on the protection of information. You can review the statement on our page.","og_url":"https:\/\/www.corfin.com.tr\/en\/privacy\/","og_site_name":"Corfin Lubrication","article_publisher":"https:\/\/www.facebook.com\/CorfinLubrication","article_modified_time":"2024-07-29T09:11:52+00:00","twitter_card":"summary_large_image","twitter_site":"@corfinlub","twitter_misc":{"Est. reading time":"3 minutes"},"schema":{"@context":"https:\/\/schema.org","@graph":[{"@type":"WebPage","@id":"https:\/\/www.corfin.com.tr\/en\/privacy\/","url":"https:\/\/www.corfin.com.tr\/en\/privacy\/","name":"Privacy &#187; Corfin Lubrication","isPartOf":{"@id":"https:\/\/www.corfin.com.tr\/en\/#website"},"datePublished":"2022-07-05T07:46:50+00:00","dateModified":"2024-07-29T09:11:52+00:00","description":"We offer you a much better service thanks to our privacy statement on the protection of information. You can review the statement on our page.","breadcrumb":{"@id":"https:\/\/www.corfin.com.tr\/en\/privacy\/#breadcrumb"},"inLanguage":"en-US","potentialAction":[{"@type":"ReadAction","target":["https:\/\/www.corfin.com.tr\/en\/privacy\/"]}]},{"@type":"BreadcrumbList","@id":"https:\/\/www.corfin.com.tr\/en\/privacy\/#breadcrumb","itemListElement":[{"@type":"ListItem","position":1,"name":"Anasayfa","item":"https:\/\/www.corfin.com.tr\/en\/"},{"@type":"ListItem","position":2,"name":"Privacy"}]},{"@type":"WebSite","@id":"https:\/\/www.corfin.com.tr\/en\/#website","url":"https:\/\/www.corfin.com.tr\/en\/","name":"Corfin Lubrication","description":"End\u00fcstrinin Destek G\u00fcc\u00fc","publisher":{"@id":"https:\/\/www.corfin.com.tr\/en\/#organization"},"potentialAction":[{"@type":"SearchAction","target":{"@type":"EntryPoint","urlTemplate":"https:\/\/www.corfin.com.tr\/en\/?s={search_term_string}"},"query-input":{"@type":"PropertyValueSpecification","valueRequired":true,"valueName":"search_term_string"}}],"inLanguage":"en-US"},{"@type":"Organization","@id":"https:\/\/www.corfin.com.tr\/en\/#organization","name":"Corfin Lubrication","url":"https:\/\/www.corfin.com.tr\/en\/","logo":{"@type":"ImageObject","inLanguage":"en-US","@id":"https:\/\/www.corfin.com.tr\/en\/#\/schema\/logo\/image\/","url":"https:\/\/www.corfin.com.tr\/wp-content\/uploads\/corfin-lubrication-siyah-sari-logo.svg","contentUrl":"https:\/\/www.corfin.com.tr\/wp-content\/uploads\/corfin-lubrication-siyah-sari-logo.svg","width":1200,"height":320.3,"caption":"Corfin Lubrication"},"image":{"@id":"https:\/\/www.corfin.com.tr\/en\/#\/schema\/logo\/image\/"},"sameAs":["https:\/\/www.facebook.com\/CorfinLubrication","https:\/\/x.com\/corfinlub","https:\/\/tr.linkedin.com\/company\/corfin-lubrication","https:\/\/www.youtube.com\/channel\/UCHvPY5xapmDyWvGGcUkRVgg"]}]}},"_links":{"self":[{"href":"https:\/\/www.corfin.com.tr\/en\/wp-json\/wp\/v2\/pages\/6672","targetHints":{"allow":["GET"]}}],"collection":[{"href":"https:\/\/www.corfin.com.tr\/en\/wp-json\/wp\/v2\/pages"}],"about":[{"href":"https:\/\/www.corfin.com.tr\/en\/wp-json\/wp\/v2\/types\/page"}],"author":[{"embeddable":true,"href":"https:\/\/www.corfin.com.tr\/en\/wp-json\/wp\/v2\/users\/7"}],"replies":[{"embeddable":true,"href":"https:\/\/www.corfin.com.tr\/en\/wp-json\/wp\/v2\/comments?post=6672"}],"version-history":[{"count":0,"href":"https:\/\/www.corfin.com.tr\/en\/wp-json\/wp\/v2\/pages\/6672\/revisions"}],"wp:attachment":[{"href":"https:\/\/www.corfin.com.tr\/en\/wp-json\/wp\/v2\/media?parent=6672"}],"curies":[{"name":"wp","href":"https:\/\/api.w.org\/{rel}","templated":true}]}}