{"id":4911,"date":"2022-02-02T16:15:43","date_gmt":"2022-02-02T13:15:43","guid":{"rendered":"https:\/\/www.corfin.com.tr\/%d1%81%d0%be%d1%86%d0%b8%d0%b0%d0%bb%d1%8c%d0%bd%d0%b0%d1%8f-%d0%be%d1%82%d0%b2%d0%b5%d1%82%d1%81%d1%82%d0%b2%d0%b5%d0%bd%d0%bd%d0%be%d1%81%d1%82%d1%8c\/"},"modified":"2023-11-15T11:16:48","modified_gmt":"2023-11-15T08:16:48","slug":"%d1%81%d0%be%d1%86%d0%b8%d0%b0%d0%bb%d1%8c%d0%bd%d0%b0%d1%8f-%d0%be%d1%82%d0%b2%d0%b5%d1%82%d1%81%d1%82%d0%b2%d0%b5%d0%bd%d0%bd%d0%be%d1%81%d1%82%d1%8c","status":"publish","type":"page","link":"https:\/\/www.corfin.com.tr\/ru\/%d0%be-%d0%bd%d0%b0%d1%81\/%d1%81%d0%be%d1%86%d0%b8%d0%b0%d0%bb%d1%8c%d0%bd%d0%b0%d1%8f-%d0%be%d1%82%d0%b2%d0%b5%d1%82%d1%81%d1%82%d0%b2%d0%b5%d0%bd%d0%bd%d0%be%d1%81%d1%82%d1%8c\/","title":{"rendered":"\u0421\u043e\u0446\u0438\u0430\u043b\u044c\u043d\u0430\u044f \u043e\u0442\u0432\u0435\u0442\u0441\u0442\u0432\u0435\u043d\u043d\u043e\u0441\u0442\u044c"},"content":{"rendered":"\t\t<div data-elementor-type=\"wp-page\" data-elementor-id=\"4911\" class=\"elementor elementor-4911 elementor-112\" data-elementor-post-type=\"page\">\n\t\t\t\t\t\t<section class=\"elementor-section elementor-top-section elementor-element elementor-element-7bb39e4 elementor-section-boxed elementor-section-height-default elementor-section-height-default\" data-id=\"7bb39e4\" data-element_type=\"section\" data-e-type=\"section\" data-settings=\"{&quot;jet_parallax_layout_list&quot;:[]}\">\n\t\t\t\t\t\t<div class=\"elementor-container elementor-column-gap-default\">\n\t\t\t\t\t<div class=\"elementor-column elementor-col-100 elementor-top-column elementor-element elementor-element-7dbc529\" data-id=\"7dbc529\" data-element_type=\"column\" data-e-type=\"column\">\n\t\t\t<div class=\"elementor-widget-wrap elementor-element-populated\">\n\t\t\t\t\t\t<div class=\"elementor-element elementor-element-dbc24a3 elementor-widget elementor-widget-image\" data-id=\"dbc24a3\" data-element_type=\"widget\" data-e-type=\"widget\" data-widget_type=\"image.default\">\n\t\t\t\t<div class=\"elementor-widget-container\">\n\t\t\t\t\t\t\t\t\t\t\t\t\t\t\t<img fetchpriority=\"high\" decoding=\"async\" width=\"1024\" height=\"495\" src=\"https:\/\/www.corfin.com.tr\/wp-content\/uploads\/yapim-asamasinda-1024x495.jpg\" class=\"attachment-large size-large wp-image-4148\" alt=\"\" srcset=\"https:\/\/www.corfin.com.tr\/wp-content\/uploads\/yapim-asamasinda-1024x495.jpg 1024w, https:\/\/www.corfin.com.tr\/wp-content\/uploads\/yapim-asamasinda-300x145.jpg 300w, https:\/\/www.corfin.com.tr\/wp-content\/uploads\/yapim-asamasinda-768x371.jpg 768w, https:\/\/www.corfin.com.tr\/wp-content\/uploads\/yapim-asamasinda-600x290.jpg 600w, https:\/\/www.corfin.com.tr\/wp-content\/uploads\/yapim-asamasinda.jpg 1300w\" sizes=\"(max-width: 1024px) 100vw, 1024px\" \/>\t\t\t\t\t\t\t\t\t\t\t\t\t\t\t<\/div>\n\t\t\t\t<\/div>\n\t\t\t\t\t<\/div>\n\t\t<\/div>\n\t\t\t\t\t<\/div>\n\t\t<\/section>\n\t\t\t\t<\/div>\n\t\t","protected":false},"excerpt":{"rendered":"","protected":false},"author":7,"featured_media":0,"parent":4920,"menu_order":0,"comment_status":"closed","ping_status":"closed","template":"","meta":{"footnotes":""},"class_list":["post-4911","page","type-page","status-publish","hentry"],"yoast_head":"<!-- This site is optimized with the Yoast SEO Premium plugin v27.2 (Yoast SEO v27.2) - https:\/\/yoast.com\/product\/yoast-seo-premium-wordpress\/ -->\n<title>\u0421\u043e\u0446\u0438\u0430\u043b\u044c\u043d\u0430\u044f \u043e\u0442\u0432\u0435\u0442\u0441\u0442\u0432\u0435\u043d\u043d\u043e\u0441\u0442\u044c &#187; Corfin Lubrication<\/title>\n<meta name=\"description\" content=\"\u041a\u0430\u043a Akoni Kimya, \u043c\u044b \u043f\u0440\u043e\u0434\u043e\u043b\u0436\u0430\u0435\u043c \u0440\u0430\u0437\u0432\u0438\u0432\u0430\u0442\u044c \u043d\u0430\u0448\u0438 \u043f\u0440\u043e\u0435\u043a\u0442\u044b \u0441\u043e\u0446\u0438\u0430\u043b\u044c\u043d\u043e\u0439 \u043e\u0442\u0432\u0435\u0442\u0441\u0442\u0432\u0435\u043d\u043d\u043e\u0441\u0442\u0438, \u043a\u043e\u0442\u043e\u0440\u044b\u0435 \u043c\u044b \u043e\u0441\u0443\u0449\u0435\u0441\u0442\u0432\u0438\u043b\u0438 \u0434\u043e \u0441\u0438\u0445 \u043f\u043e\u0440, \u0434\u043e\u0431\u0430\u0432\u043b\u044f\u044f \u043d\u043e\u0432\u044b\u0435 \u043a\u0430\u0436\u0434\u044b\u0439 \u0434\u0435\u043d\u044c.\" \/>\n<meta name=\"robots\" content=\"index, follow, max-snippet:-1, max-image-preview:large, max-video-preview:-1\" \/>\n<link rel=\"canonical\" href=\"https:\/\/www.corfin.com.tr\/ru\/%d0%be-%d0%bd%d0%b0%d1%81\/%d1%81%d0%be%d1%86%d0%b8%d0%b0%d0%bb%d1%8c%d0%bd%d0%b0%d1%8f-%d0%be%d1%82%d0%b2%d0%b5%d1%82%d1%81%d1%82%d0%b2%d0%b5%d0%bd%d0%bd%d0%be%d1%81%d1%82%d1%8c\/\" \/>\n<meta property=\"og:locale\" content=\"ru_RU\" \/>\n<meta property=\"og:type\" content=\"article\" \/>\n<meta property=\"og:title\" content=\"\u0421\u043e\u0446\u0438\u0430\u043b\u044c\u043d\u0430\u044f \u043e\u0442\u0432\u0435\u0442\u0441\u0442\u0432\u0435\u043d\u043d\u043e\u0441\u0442\u044c\" \/>\n<meta property=\"og:description\" content=\"\u041a\u0430\u043a Akoni Kimya, \u043c\u044b \u043f\u0440\u043e\u0434\u043e\u043b\u0436\u0430\u0435\u043c \u0440\u0430\u0437\u0432\u0438\u0432\u0430\u0442\u044c \u043d\u0430\u0448\u0438 \u043f\u0440\u043e\u0435\u043a\u0442\u044b \u0441\u043e\u0446\u0438\u0430\u043b\u044c\u043d\u043e\u0439 \u043e\u0442\u0432\u0435\u0442\u0441\u0442\u0432\u0435\u043d\u043d\u043e\u0441\u0442\u0438, \u043a\u043e\u0442\u043e\u0440\u044b\u0435 \u043c\u044b \u043e\u0441\u0443\u0449\u0435\u0441\u0442\u0432\u0438\u043b\u0438 \u0434\u043e \u0441\u0438\u0445 \u043f\u043e\u0440, \u0434\u043e\u0431\u0430\u0432\u043b\u044f\u044f \u043d\u043e\u0432\u044b\u0435 \u043a\u0430\u0436\u0434\u044b\u0439 \u0434\u0435\u043d\u044c.\" \/>\n<meta property=\"og:url\" content=\"https:\/\/www.corfin.com.tr\/ru\/%d0%be-%d0%bd%d0%b0%d1%81\/%d1%81%d0%be%d1%86%d0%b8%d0%b0%d0%bb%d1%8c%d0%bd%d0%b0%d1%8f-%d0%be%d1%82%d0%b2%d0%b5%d1%82%d1%81%d1%82%d0%b2%d0%b5%d0%bd%d0%bd%d0%be%d1%81%d1%82%d1%8c\/\" \/>\n<meta property=\"og:site_name\" content=\"Corfin Lubrication\" \/>\n<meta property=\"article:publisher\" content=\"https:\/\/www.facebook.com\/CorfinLubrication\" \/>\n<meta property=\"article:modified_time\" content=\"2023-11-15T08:16:48+00:00\" \/>\n<meta property=\"og:image\" content=\"https:\/\/www.corfin.com.tr\/wp-content\/uploads\/yapim-asamasinda-1024x495.jpg\" \/>\n<meta name=\"twitter:card\" content=\"summary_large_image\" \/>\n<meta name=\"twitter:site\" content=\"@corfinlub\" \/>\n<script type=\"application\/ld+json\" class=\"yoast-schema-graph\">{\"@context\":\"https:\/\/schema.org\",\"@graph\":[{\"@type\":\"WebPage\",\"@id\":\"https:\/\/www.corfin.com.tr\/ru\/%d0%be-%d0%bd%d0%b0%d1%81\/%d1%81%d0%be%d1%86%d0%b8%d0%b0%d0%bb%d1%8c%d0%bd%d0%b0%d1%8f-%d0%be%d1%82%d0%b2%d0%b5%d1%82%d1%81%d1%82%d0%b2%d0%b5%d0%bd%d0%bd%d0%be%d1%81%d1%82%d1%8c\/\",\"url\":\"https:\/\/www.corfin.com.tr\/ru\/%d0%be-%d0%bd%d0%b0%d1%81\/%d1%81%d0%be%d1%86%d0%b8%d0%b0%d0%bb%d1%8c%d0%bd%d0%b0%d1%8f-%d0%be%d1%82%d0%b2%d0%b5%d1%82%d1%81%d1%82%d0%b2%d0%b5%d0%bd%d0%bd%d0%be%d1%81%d1%82%d1%8c\/\",\"name\":\"\u0421\u043e\u0446\u0438\u0430\u043b\u044c\u043d\u0430\u044f \u043e\u0442\u0432\u0435\u0442\u0441\u0442\u0432\u0435\u043d\u043d\u043e\u0441\u0442\u044c &#187; Corfin Lubrication\",\"isPartOf\":{\"@id\":\"https:\/\/www.corfin.com.tr\/ru\/#website\"},\"primaryImageOfPage\":{\"@id\":\"https:\/\/www.corfin.com.tr\/ru\/%d0%be-%d0%bd%d0%b0%d1%81\/%d1%81%d0%be%d1%86%d0%b8%d0%b0%d0%bb%d1%8c%d0%bd%d0%b0%d1%8f-%d0%be%d1%82%d0%b2%d0%b5%d1%82%d1%81%d1%82%d0%b2%d0%b5%d0%bd%d0%bd%d0%be%d1%81%d1%82%d1%8c\/#primaryimage\"},\"image\":{\"@id\":\"https:\/\/www.corfin.com.tr\/ru\/%d0%be-%d0%bd%d0%b0%d1%81\/%d1%81%d0%be%d1%86%d0%b8%d0%b0%d0%bb%d1%8c%d0%bd%d0%b0%d1%8f-%d0%be%d1%82%d0%b2%d0%b5%d1%82%d1%81%d1%82%d0%b2%d0%b5%d0%bd%d0%bd%d0%be%d1%81%d1%82%d1%8c\/#primaryimage\"},\"thumbnailUrl\":\"https:\/\/www.corfin.com.tr\/wp-content\/uploads\/yapim-asamasinda-1024x495.jpg\",\"datePublished\":\"2022-02-02T13:15:43+00:00\",\"dateModified\":\"2023-11-15T08:16:48+00:00\",\"description\":\"\u041a\u0430\u043a Akoni Kimya, \u043c\u044b \u043f\u0440\u043e\u0434\u043e\u043b\u0436\u0430\u0435\u043c \u0440\u0430\u0437\u0432\u0438\u0432\u0430\u0442\u044c \u043d\u0430\u0448\u0438 \u043f\u0440\u043e\u0435\u043a\u0442\u044b \u0441\u043e\u0446\u0438\u0430\u043b\u044c\u043d\u043e\u0439 \u043e\u0442\u0432\u0435\u0442\u0441\u0442\u0432\u0435\u043d\u043d\u043e\u0441\u0442\u0438, \u043a\u043e\u0442\u043e\u0440\u044b\u0435 \u043c\u044b \u043e\u0441\u0443\u0449\u0435\u0441\u0442\u0432\u0438\u043b\u0438 \u0434\u043e \u0441\u0438\u0445 \u043f\u043e\u0440, \u0434\u043e\u0431\u0430\u0432\u043b\u044f\u044f \u043d\u043e\u0432\u044b\u0435 \u043a\u0430\u0436\u0434\u044b\u0439 \u0434\u0435\u043d\u044c.\",\"breadcrumb\":{\"@id\":\"https:\/\/www.corfin.com.tr\/ru\/%d0%be-%d0%bd%d0%b0%d1%81\/%d1%81%d0%be%d1%86%d0%b8%d0%b0%d0%bb%d1%8c%d0%bd%d0%b0%d1%8f-%d0%be%d1%82%d0%b2%d0%b5%d1%82%d1%81%d1%82%d0%b2%d0%b5%d0%bd%d0%bd%d0%be%d1%81%d1%82%d1%8c\/#breadcrumb\"},\"inLanguage\":\"ru-RU\",\"potentialAction\":[{\"@type\":\"ReadAction\",\"target\":[\"https:\/\/www.corfin.com.tr\/ru\/%d0%be-%d0%bd%d0%b0%d1%81\/%d1%81%d0%be%d1%86%d0%b8%d0%b0%d0%bb%d1%8c%d0%bd%d0%b0%d1%8f-%d0%be%d1%82%d0%b2%d0%b5%d1%82%d1%81%d1%82%d0%b2%d0%b5%d0%bd%d0%bd%d0%be%d1%81%d1%82%d1%8c\/\"]}]},{\"@type\":\"ImageObject\",\"inLanguage\":\"ru-RU\",\"@id\":\"https:\/\/www.corfin.com.tr\/ru\/%d0%be-%d0%bd%d0%b0%d1%81\/%d1%81%d0%be%d1%86%d0%b8%d0%b0%d0%bb%d1%8c%d0%bd%d0%b0%d1%8f-%d0%be%d1%82%d0%b2%d0%b5%d1%82%d1%81%d1%82%d0%b2%d0%b5%d0%bd%d0%bd%d0%be%d1%81%d1%82%d1%8c\/#primaryimage\",\"url\":\"https:\/\/www.corfin.com.tr\/wp-content\/uploads\/yapim-asamasinda-1024x495.jpg\",\"contentUrl\":\"https:\/\/www.corfin.com.tr\/wp-content\/uploads\/yapim-asamasinda-1024x495.jpg\"},{\"@type\":\"BreadcrumbList\",\"@id\":\"https:\/\/www.corfin.com.tr\/ru\/%d0%be-%d0%bd%d0%b0%d1%81\/%d1%81%d0%be%d1%86%d0%b8%d0%b0%d0%bb%d1%8c%d0%bd%d0%b0%d1%8f-%d0%be%d1%82%d0%b2%d0%b5%d1%82%d1%81%d1%82%d0%b2%d0%b5%d0%bd%d0%bd%d0%be%d1%81%d1%82%d1%8c\/#breadcrumb\",\"itemListElement\":[{\"@type\":\"ListItem\",\"position\":1,\"name\":\"Anasayfa\",\"item\":\"https:\/\/www.corfin.com.tr\/ru\/\"},{\"@type\":\"ListItem\",\"position\":2,\"name\":\"\u041e \u043d\u0430\u0441\",\"item\":\"https:\/\/www.corfin.com.tr\/ru\/%d0%be-%d0%bd%d0%b0%d1%81\/\"},{\"@type\":\"ListItem\",\"position\":3,\"name\":\"\u0421\u043e\u0446\u0438\u0430\u043b\u044c\u043d\u0430\u044f \u043e\u0442\u0432\u0435\u0442\u0441\u0442\u0432\u0435\u043d\u043d\u043e\u0441\u0442\u044c\"}]},{\"@type\":\"WebSite\",\"@id\":\"https:\/\/www.corfin.com.tr\/ru\/#website\",\"url\":\"https:\/\/www.corfin.com.tr\/ru\/\",\"name\":\"Corfin Lubrication\",\"description\":\"End\u00fcstrinin Destek G\u00fcc\u00fc\",\"publisher\":{\"@id\":\"https:\/\/www.corfin.com.tr\/ru\/#organization\"},\"potentialAction\":[{\"@type\":\"SearchAction\",\"target\":{\"@type\":\"EntryPoint\",\"urlTemplate\":\"https:\/\/www.corfin.com.tr\/ru\/?s={search_term_string}\"},\"query-input\":{\"@type\":\"PropertyValueSpecification\",\"valueRequired\":true,\"valueName\":\"search_term_string\"}}],\"inLanguage\":\"ru-RU\"},{\"@type\":\"Organization\",\"@id\":\"https:\/\/www.corfin.com.tr\/ru\/#organization\",\"name\":\"Corfin Lubrication\",\"url\":\"https:\/\/www.corfin.com.tr\/ru\/\",\"logo\":{\"@type\":\"ImageObject\",\"inLanguage\":\"ru-RU\",\"@id\":\"https:\/\/www.corfin.com.tr\/ru\/#\/schema\/logo\/image\/\",\"url\":\"https:\/\/www.corfin.com.tr\/wp-content\/uploads\/corfin-lubrication-siyah-sari-logo.svg\",\"contentUrl\":\"https:\/\/www.corfin.com.tr\/wp-content\/uploads\/corfin-lubrication-siyah-sari-logo.svg\",\"width\":1200,\"height\":320.3,\"caption\":\"Corfin Lubrication\"},\"image\":{\"@id\":\"https:\/\/www.corfin.com.tr\/ru\/#\/schema\/logo\/image\/\"},\"sameAs\":[\"https:\/\/www.facebook.com\/CorfinLubrication\",\"https:\/\/x.com\/corfinlub\",\"https:\/\/tr.linkedin.com\/company\/corfin-lubrication\",\"https:\/\/www.youtube.com\/channel\/UCHvPY5xapmDyWvGGcUkRVgg\"]}]}<\/script>\n<!-- \/ Yoast SEO Premium plugin. -->","yoast_head_json":{"title":"\u0421\u043e\u0446\u0438\u0430\u043b\u044c\u043d\u0430\u044f \u043e\u0442\u0432\u0435\u0442\u0441\u0442\u0432\u0435\u043d\u043d\u043e\u0441\u0442\u044c &#187; Corfin Lubrication","description":"\u041a\u0430\u043a Akoni Kimya, \u043c\u044b \u043f\u0440\u043e\u0434\u043e\u043b\u0436\u0430\u0435\u043c \u0440\u0430\u0437\u0432\u0438\u0432\u0430\u0442\u044c \u043d\u0430\u0448\u0438 \u043f\u0440\u043e\u0435\u043a\u0442\u044b \u0441\u043e\u0446\u0438\u0430\u043b\u044c\u043d\u043e\u0439 \u043e\u0442\u0432\u0435\u0442\u0441\u0442\u0432\u0435\u043d\u043d\u043e\u0441\u0442\u0438, \u043a\u043e\u0442\u043e\u0440\u044b\u0435 \u043c\u044b \u043e\u0441\u0443\u0449\u0435\u0441\u0442\u0432\u0438\u043b\u0438 \u0434\u043e \u0441\u0438\u0445 \u043f\u043e\u0440, \u0434\u043e\u0431\u0430\u0432\u043b\u044f\u044f \u043d\u043e\u0432\u044b\u0435 \u043a\u0430\u0436\u0434\u044b\u0439 \u0434\u0435\u043d\u044c.","robots":{"index":"index","follow":"follow","max-snippet":"max-snippet:-1","max-image-preview":"max-image-preview:large","max-video-preview":"max-video-preview:-1"},"canonical":"https:\/\/www.corfin.com.tr\/ru\/%d0%be-%d0%bd%d0%b0%d1%81\/%d1%81%d0%be%d1%86%d0%b8%d0%b0%d0%bb%d1%8c%d0%bd%d0%b0%d1%8f-%d0%be%d1%82%d0%b2%d0%b5%d1%82%d1%81%d1%82%d0%b2%d0%b5%d0%bd%d0%bd%d0%be%d1%81%d1%82%d1%8c\/","og_locale":"ru_RU","og_type":"article","og_title":"\u0421\u043e\u0446\u0438\u0430\u043b\u044c\u043d\u0430\u044f \u043e\u0442\u0432\u0435\u0442\u0441\u0442\u0432\u0435\u043d\u043d\u043e\u0441\u0442\u044c","og_description":"\u041a\u0430\u043a Akoni Kimya, \u043c\u044b \u043f\u0440\u043e\u0434\u043e\u043b\u0436\u0430\u0435\u043c \u0440\u0430\u0437\u0432\u0438\u0432\u0430\u0442\u044c \u043d\u0430\u0448\u0438 \u043f\u0440\u043e\u0435\u043a\u0442\u044b \u0441\u043e\u0446\u0438\u0430\u043b\u044c\u043d\u043e\u0439 \u043e\u0442\u0432\u0435\u0442\u0441\u0442\u0432\u0435\u043d\u043d\u043e\u0441\u0442\u0438, \u043a\u043e\u0442\u043e\u0440\u044b\u0435 \u043c\u044b \u043e\u0441\u0443\u0449\u0435\u0441\u0442\u0432\u0438\u043b\u0438 \u0434\u043e \u0441\u0438\u0445 \u043f\u043e\u0440, \u0434\u043e\u0431\u0430\u0432\u043b\u044f\u044f \u043d\u043e\u0432\u044b\u0435 \u043a\u0430\u0436\u0434\u044b\u0439 \u0434\u0435\u043d\u044c.","og_url":"https:\/\/www.corfin.com.tr\/ru\/%d0%be-%d0%bd%d0%b0%d1%81\/%d1%81%d0%be%d1%86%d0%b8%d0%b0%d0%bb%d1%8c%d0%bd%d0%b0%d1%8f-%d0%be%d1%82%d0%b2%d0%b5%d1%82%d1%81%d1%82%d0%b2%d0%b5%d0%bd%d0%bd%d0%be%d1%81%d1%82%d1%8c\/","og_site_name":"Corfin Lubrication","article_publisher":"https:\/\/www.facebook.com\/CorfinLubrication","article_modified_time":"2023-11-15T08:16:48+00:00","og_image":[{"url":"https:\/\/www.corfin.com.tr\/wp-content\/uploads\/yapim-asamasinda-1024x495.jpg","type":"","width":"","height":""}],"twitter_card":"summary_large_image","twitter_site":"@corfinlub","schema":{"@context":"https:\/\/schema.org","@graph":[{"@type":"WebPage","@id":"https:\/\/www.corfin.com.tr\/ru\/%d0%be-%d0%bd%d0%b0%d1%81\/%d1%81%d0%be%d1%86%d0%b8%d0%b0%d0%bb%d1%8c%d0%bd%d0%b0%d1%8f-%d0%be%d1%82%d0%b2%d0%b5%d1%82%d1%81%d1%82%d0%b2%d0%b5%d0%bd%d0%bd%d0%be%d1%81%d1%82%d1%8c\/","url":"https:\/\/www.corfin.com.tr\/ru\/%d0%be-%d0%bd%d0%b0%d1%81\/%d1%81%d0%be%d1%86%d0%b8%d0%b0%d0%bb%d1%8c%d0%bd%d0%b0%d1%8f-%d0%be%d1%82%d0%b2%d0%b5%d1%82%d1%81%d1%82%d0%b2%d0%b5%d0%bd%d0%bd%d0%be%d1%81%d1%82%d1%8c\/","name":"\u0421\u043e\u0446\u0438\u0430\u043b\u044c\u043d\u0430\u044f \u043e\u0442\u0432\u0435\u0442\u0441\u0442\u0432\u0435\u043d\u043d\u043e\u0441\u0442\u044c &#187; Corfin Lubrication","isPartOf":{"@id":"https:\/\/www.corfin.com.tr\/ru\/#website"},"primaryImageOfPage":{"@id":"https:\/\/www.corfin.com.tr\/ru\/%d0%be-%d0%bd%d0%b0%d1%81\/%d1%81%d0%be%d1%86%d0%b8%d0%b0%d0%bb%d1%8c%d0%bd%d0%b0%d1%8f-%d0%be%d1%82%d0%b2%d0%b5%d1%82%d1%81%d1%82%d0%b2%d0%b5%d0%bd%d0%bd%d0%be%d1%81%d1%82%d1%8c\/#primaryimage"},"image":{"@id":"https:\/\/www.corfin.com.tr\/ru\/%d0%be-%d0%bd%d0%b0%d1%81\/%d1%81%d0%be%d1%86%d0%b8%d0%b0%d0%bb%d1%8c%d0%bd%d0%b0%d1%8f-%d0%be%d1%82%d0%b2%d0%b5%d1%82%d1%81%d1%82%d0%b2%d0%b5%d0%bd%d0%bd%d0%be%d1%81%d1%82%d1%8c\/#primaryimage"},"thumbnailUrl":"https:\/\/www.corfin.com.tr\/wp-content\/uploads\/yapim-asamasinda-1024x495.jpg","datePublished":"2022-02-02T13:15:43+00:00","dateModified":"2023-11-15T08:16:48+00:00","description":"\u041a\u0430\u043a Akoni Kimya, \u043c\u044b \u043f\u0440\u043e\u0434\u043e\u043b\u0436\u0430\u0435\u043c \u0440\u0430\u0437\u0432\u0438\u0432\u0430\u0442\u044c \u043d\u0430\u0448\u0438 \u043f\u0440\u043e\u0435\u043a\u0442\u044b \u0441\u043e\u0446\u0438\u0430\u043b\u044c\u043d\u043e\u0439 \u043e\u0442\u0432\u0435\u0442\u0441\u0442\u0432\u0435\u043d\u043d\u043e\u0441\u0442\u0438, \u043a\u043e\u0442\u043e\u0440\u044b\u0435 \u043c\u044b \u043e\u0441\u0443\u0449\u0435\u0441\u0442\u0432\u0438\u043b\u0438 \u0434\u043e \u0441\u0438\u0445 \u043f\u043e\u0440, \u0434\u043e\u0431\u0430\u0432\u043b\u044f\u044f \u043d\u043e\u0432\u044b\u0435 \u043a\u0430\u0436\u0434\u044b\u0439 \u0434\u0435\u043d\u044c.","breadcrumb":{"@id":"https:\/\/www.corfin.com.tr\/ru\/%d0%be-%d0%bd%d0%b0%d1%81\/%d1%81%d0%be%d1%86%d0%b8%d0%b0%d0%bb%d1%8c%d0%bd%d0%b0%d1%8f-%d0%be%d1%82%d0%b2%d0%b5%d1%82%d1%81%d1%82%d0%b2%d0%b5%d0%bd%d0%bd%d0%be%d1%81%d1%82%d1%8c\/#breadcrumb"},"inLanguage":"ru-RU","potentialAction":[{"@type":"ReadAction","target":["https:\/\/www.corfin.com.tr\/ru\/%d0%be-%d0%bd%d0%b0%d1%81\/%d1%81%d0%be%d1%86%d0%b8%d0%b0%d0%bb%d1%8c%d0%bd%d0%b0%d1%8f-%d0%be%d1%82%d0%b2%d0%b5%d1%82%d1%81%d1%82%d0%b2%d0%b5%d0%bd%d0%bd%d0%be%d1%81%d1%82%d1%8c\/"]}]},{"@type":"ImageObject","inLanguage":"ru-RU","@id":"https:\/\/www.corfin.com.tr\/ru\/%d0%be-%d0%bd%d0%b0%d1%81\/%d1%81%d0%be%d1%86%d0%b8%d0%b0%d0%bb%d1%8c%d0%bd%d0%b0%d1%8f-%d0%be%d1%82%d0%b2%d0%b5%d1%82%d1%81%d1%82%d0%b2%d0%b5%d0%bd%d0%bd%d0%be%d1%81%d1%82%d1%8c\/#primaryimage","url":"https:\/\/www.corfin.com.tr\/wp-content\/uploads\/yapim-asamasinda-1024x495.jpg","contentUrl":"https:\/\/www.corfin.com.tr\/wp-content\/uploads\/yapim-asamasinda-1024x495.jpg"},{"@type":"BreadcrumbList","@id":"https:\/\/www.corfin.com.tr\/ru\/%d0%be-%d0%bd%d0%b0%d1%81\/%d1%81%d0%be%d1%86%d0%b8%d0%b0%d0%bb%d1%8c%d0%bd%d0%b0%d1%8f-%d0%be%d1%82%d0%b2%d0%b5%d1%82%d1%81%d1%82%d0%b2%d0%b5%d0%bd%d0%bd%d0%be%d1%81%d1%82%d1%8c\/#breadcrumb","itemListElement":[{"@type":"ListItem","position":1,"name":"Anasayfa","item":"https:\/\/www.corfin.com.tr\/ru\/"},{"@type":"ListItem","position":2,"name":"\u041e \u043d\u0430\u0441","item":"https:\/\/www.corfin.com.tr\/ru\/%d0%be-%d0%bd%d0%b0%d1%81\/"},{"@type":"ListItem","position":3,"name":"\u0421\u043e\u0446\u0438\u0430\u043b\u044c\u043d\u0430\u044f \u043e\u0442\u0432\u0435\u0442\u0441\u0442\u0432\u0435\u043d\u043d\u043e\u0441\u0442\u044c"}]},{"@type":"WebSite","@id":"https:\/\/www.corfin.com.tr\/ru\/#website","url":"https:\/\/www.corfin.com.tr\/ru\/","name":"Corfin Lubrication","description":"End\u00fcstrinin Destek G\u00fcc\u00fc","publisher":{"@id":"https:\/\/www.corfin.com.tr\/ru\/#organization"},"potentialAction":[{"@type":"SearchAction","target":{"@type":"EntryPoint","urlTemplate":"https:\/\/www.corfin.com.tr\/ru\/?s={search_term_string}"},"query-input":{"@type":"PropertyValueSpecification","valueRequired":true,"valueName":"search_term_string"}}],"inLanguage":"ru-RU"},{"@type":"Organization","@id":"https:\/\/www.corfin.com.tr\/ru\/#organization","name":"Corfin Lubrication","url":"https:\/\/www.corfin.com.tr\/ru\/","logo":{"@type":"ImageObject","inLanguage":"ru-RU","@id":"https:\/\/www.corfin.com.tr\/ru\/#\/schema\/logo\/image\/","url":"https:\/\/www.corfin.com.tr\/wp-content\/uploads\/corfin-lubrication-siyah-sari-logo.svg","contentUrl":"https:\/\/www.corfin.com.tr\/wp-content\/uploads\/corfin-lubrication-siyah-sari-logo.svg","width":1200,"height":320.3,"caption":"Corfin Lubrication"},"image":{"@id":"https:\/\/www.corfin.com.tr\/ru\/#\/schema\/logo\/image\/"},"sameAs":["https:\/\/www.facebook.com\/CorfinLubrication","https:\/\/x.com\/corfinlub","https:\/\/tr.linkedin.com\/company\/corfin-lubrication","https:\/\/www.youtube.com\/channel\/UCHvPY5xapmDyWvGGcUkRVgg"]}]}},"_links":{"self":[{"href":"https:\/\/www.corfin.com.tr\/ru\/wp-json\/wp\/v2\/pages\/4911","targetHints":{"allow":["GET"]}}],"collection":[{"href":"https:\/\/www.corfin.com.tr\/ru\/wp-json\/wp\/v2\/pages"}],"about":[{"href":"https:\/\/www.corfin.com.tr\/ru\/wp-json\/wp\/v2\/types\/page"}],"author":[{"embeddable":true,"href":"https:\/\/www.corfin.com.tr\/ru\/wp-json\/wp\/v2\/users\/7"}],"replies":[{"embeddable":true,"href":"https:\/\/www.corfin.com.tr\/ru\/wp-json\/wp\/v2\/comments?post=4911"}],"version-history":[{"count":0,"href":"https:\/\/www.corfin.com.tr\/ru\/wp-json\/wp\/v2\/pages\/4911\/revisions"}],"up":[{"embeddable":true,"href":"https:\/\/www.corfin.com.tr\/ru\/wp-json\/wp\/v2\/pages\/4920"}],"wp:attachment":[{"href":"https:\/\/www.corfin.com.tr\/ru\/wp-json\/wp\/v2\/media?parent=4911"}],"curies":[{"name":"wp","href":"https:\/\/api.w.org\/{rel}","templated":true}]}}