{"id":4912,"date":"2022-03-22T16:02:45","date_gmt":"2022-03-22T13:02:45","guid":{"rendered":"https:\/\/www.corfin.com.tr\/%d0%b8%d0%bd%d1%81%d1%82%d1%80%d1%83%d0%bc%d0%b5%d0%bd%d1%82-%d0%b4%d0%bb%d1%8f-%d0%b2%d1%8b%d0%b1%d0%be%d1%80%d0%b0-%d0%bf%d1%80%d0%be%d0%b4%d1%83%d0%ba%d1%82%d0%b0\/"},"modified":"2023-11-15T11:19:13","modified_gmt":"2023-11-15T08:19:13","slug":"%d0%b8%d0%bd%d1%81%d1%82%d1%80%d1%83%d0%bc%d0%b5%d0%bd%d1%82-%d0%b4%d0%bb%d1%8f-%d0%b2%d1%8b%d0%b1%d0%be%d1%80%d0%b0-%d0%bf%d1%80%d0%be%d0%b4%d1%83%d0%ba%d1%82%d0%b0","status":"publish","type":"page","link":"https:\/\/www.corfin.com.tr\/ru\/%d0%b8%d0%bd%d1%84%d0%be%d1%80%d0%bc%d0%b0%d1%86%d0%b8%d1%8f-%d0%be-%d0%bf%d1%80%d0%b8%d0%bc%d0%b5%d0%bd%d0%b5%d0%bd%d0%b8%d0%b8\/%d0%b8%d0%bd%d1%81%d1%82%d1%80%d1%83%d0%bc%d0%b5%d0%bd%d1%82-%d0%b4%d0%bb%d1%8f-%d0%b2%d1%8b%d0%b1%d0%be%d1%80%d0%b0-%d0%bf%d1%80%d0%be%d0%b4%d1%83%d0%ba%d1%82%d0%b0\/","title":{"rendered":"\u0418\u041d\u0421\u0422\u0420\u0423\u041c\u0415\u041d\u0422 \u0414\u041b\u042f \u0412\u042b\u0411\u041e\u0420\u0410 \u041f\u0420\u041e\u0414\u0423\u041a\u0422\u0410"},"content":{"rendered":"\t\t<div data-elementor-type=\"wp-page\" data-elementor-id=\"4912\" class=\"elementor elementor-4912 elementor-659\" data-elementor-post-type=\"page\">\n\t\t\t\t\t\t<section class=\"elementor-section elementor-top-section elementor-element elementor-element-51c9ac0 elementor-section-boxed elementor-section-height-default elementor-section-height-default\" data-id=\"51c9ac0\" data-element_type=\"section\" data-e-type=\"section\" data-settings=\"{&quot;jet_parallax_layout_list&quot;:[]}\">\n\t\t\t\t\t\t<div class=\"elementor-container elementor-column-gap-default\">\n\t\t\t\t\t<div class=\"elementor-column elementor-col-100 elementor-top-column elementor-element elementor-element-4be65e5\" data-id=\"4be65e5\" data-element_type=\"column\" data-e-type=\"column\">\n\t\t\t<div class=\"elementor-widget-wrap elementor-element-populated\">\n\t\t\t\t\t\t<div class=\"elementor-element elementor-element-d144c65 elementor-widget elementor-widget-image\" data-id=\"d144c65\" data-element_type=\"widget\" data-e-type=\"widget\" data-widget_type=\"image.default\">\n\t\t\t\t<div class=\"elementor-widget-container\">\n\t\t\t\t\t\t\t\t\t\t\t\t\t\t\t<img fetchpriority=\"high\" decoding=\"async\" width=\"1024\" height=\"495\" src=\"https:\/\/www.corfin.com.tr\/wp-content\/uploads\/yapim-asamasinda-1024x495.jpg\" class=\"attachment-large size-large wp-image-4148\" alt=\"\" srcset=\"https:\/\/www.corfin.com.tr\/wp-content\/uploads\/yapim-asamasinda-1024x495.jpg 1024w, https:\/\/www.corfin.com.tr\/wp-content\/uploads\/yapim-asamasinda-300x145.jpg 300w, https:\/\/www.corfin.com.tr\/wp-content\/uploads\/yapim-asamasinda-768x371.jpg 768w, https:\/\/www.corfin.com.tr\/wp-content\/uploads\/yapim-asamasinda-600x290.jpg 600w, https:\/\/www.corfin.com.tr\/wp-content\/uploads\/yapim-asamasinda.jpg 1300w\" sizes=\"(max-width: 1024px) 100vw, 1024px\" \/>\t\t\t\t\t\t\t\t\t\t\t\t\t\t\t<\/div>\n\t\t\t\t<\/div>\n\t\t\t\t\t<\/div>\n\t\t<\/div>\n\t\t\t\t\t<\/div>\n\t\t<\/section>\n\t\t\t\t<\/div>\n\t\t","protected":false},"excerpt":{"rendered":"","protected":false},"author":7,"featured_media":0,"parent":4917,"menu_order":0,"comment_status":"closed","ping_status":"closed","template":"","meta":{"footnotes":""},"class_list":["post-4912","page","type-page","status-publish","hentry"],"yoast_head":"<!-- This site is optimized with the Yoast SEO Premium plugin v27.2 (Yoast SEO v27.2) - https:\/\/yoast.com\/product\/yoast-seo-premium-wordpress\/ -->\n<title>\u0418\u041d\u0421\u0422\u0420\u0423\u041c\u0415\u041d\u0422 \u0414\u041b\u042f \u0412\u042b\u0411\u041e\u0420\u0410 \u041f\u0420\u041e\u0414\u0423\u041a\u0422\u0410 &#187; Corfin Lubrication<\/title>\n<meta name=\"description\" content=\"\u0411\u043b\u0430\u0433\u043e\u0434\u0430\u0440\u044f \u043d\u0430\u0448\u0435\u043c\u0443 \u0438\u043d\u0441\u0442\u0440\u0443\u043c\u0435\u043d\u0442\u0443 \u0432\u044b\u0431\u043e\u0440\u0430 \u043f\u0440\u043e\u0434\u0443\u043a\u0446\u0438\u0438, \u0440\u0430\u0437\u0440\u0430\u0431\u043e\u0442\u0430\u043d\u043d\u043e\u043c\u0443 \u043f\u043e\u0434 \u0431\u0440\u0435\u043d\u0434\u043e\u043c Corfin, \u043c\u044b \u043f\u043e\u043c\u043e\u0436\u0435\u043c \u0432\u0430\u043c \u0432\u044b\u0431\u0440\u0430\u0442\u044c \u043d\u0430\u0438\u0431\u043e\u043b\u0435\u0435 \u044d\u0444\u0444\u0435\u043a\u0442\u0438\u0432\u043d\u044b\u0439 \u043f\u0440\u043e\u0434\u0443\u043a\u0442, \u043a\u043e\u0442\u043e\u0440\u044b\u0439 \u043d\u0435\u043e\u0431\u0445\u043e\u0434\u0438\u043c\u043e \u0438\u0441\u043f\u043e\u043b\u044c\u0437\u043e\u0432\u0430\u0442\u044c \u0432 \u0432\u0430\u0448\u0438\u0445 \u043f\u0440\u043e\u0446\u0435\u0441\u0441\u0430\u0445.\" \/>\n<meta name=\"robots\" content=\"index, follow, max-snippet:-1, max-image-preview:large, max-video-preview:-1\" \/>\n<link rel=\"canonical\" href=\"https:\/\/www.corfin.com.tr\/ru\/%d0%b8%d0%bd%d1%84%d0%be%d1%80%d0%bc%d0%b0%d1%86%d0%b8%d1%8f-%d0%be-%d0%bf%d1%80%d0%b8%d0%bc%d0%b5%d0%bd%d0%b5%d0%bd%d0%b8%d0%b8\/%d0%b8%d0%bd%d1%81%d1%82%d1%80%d1%83%d0%bc%d0%b5%d0%bd%d1%82-%d0%b4%d0%bb%d1%8f-%d0%b2%d1%8b%d0%b1%d0%be%d1%80%d0%b0-%d0%bf%d1%80%d0%be%d0%b4%d1%83%d0%ba%d1%82%d0%b0\/\" \/>\n<meta property=\"og:locale\" content=\"ru_RU\" \/>\n<meta property=\"og:type\" content=\"article\" \/>\n<meta property=\"og:title\" content=\"\u0418\u041d\u0421\u0422\u0420\u0423\u041c\u0415\u041d\u0422 \u0414\u041b\u042f \u0412\u042b\u0411\u041e\u0420\u0410 \u041f\u0420\u041e\u0414\u0423\u041a\u0422\u0410\" \/>\n<meta property=\"og:description\" content=\"\u0411\u043b\u0430\u0433\u043e\u0434\u0430\u0440\u044f \u043d\u0430\u0448\u0435\u043c\u0443 \u0438\u043d\u0441\u0442\u0440\u0443\u043c\u0435\u043d\u0442\u0443 \u0432\u044b\u0431\u043e\u0440\u0430 \u043f\u0440\u043e\u0434\u0443\u043a\u0446\u0438\u0438, \u0440\u0430\u0437\u0440\u0430\u0431\u043e\u0442\u0430\u043d\u043d\u043e\u043c\u0443 \u043f\u043e\u0434 \u0431\u0440\u0435\u043d\u0434\u043e\u043c Corfin, \u043c\u044b \u043f\u043e\u043c\u043e\u0436\u0435\u043c \u0432\u0430\u043c \u0432\u044b\u0431\u0440\u0430\u0442\u044c \u043d\u0430\u0438\u0431\u043e\u043b\u0435\u0435 \u044d\u0444\u0444\u0435\u043a\u0442\u0438\u0432\u043d\u044b\u0439 \u043f\u0440\u043e\u0434\u0443\u043a\u0442, \u043a\u043e\u0442\u043e\u0440\u044b\u0439 \u043d\u0435\u043e\u0431\u0445\u043e\u0434\u0438\u043c\u043e \u0438\u0441\u043f\u043e\u043b\u044c\u0437\u043e\u0432\u0430\u0442\u044c \u0432 \u0432\u0430\u0448\u0438\u0445 \u043f\u0440\u043e\u0446\u0435\u0441\u0441\u0430\u0445.\" \/>\n<meta property=\"og:url\" content=\"https:\/\/www.corfin.com.tr\/ru\/%d0%b8%d0%bd%d1%84%d0%be%d1%80%d0%bc%d0%b0%d1%86%d0%b8%d1%8f-%d0%be-%d0%bf%d1%80%d0%b8%d0%bc%d0%b5%d0%bd%d0%b5%d0%bd%d0%b8%d0%b8\/%d0%b8%d0%bd%d1%81%d1%82%d1%80%d1%83%d0%bc%d0%b5%d0%bd%d1%82-%d0%b4%d0%bb%d1%8f-%d0%b2%d1%8b%d0%b1%d0%be%d1%80%d0%b0-%d0%bf%d1%80%d0%be%d0%b4%d1%83%d0%ba%d1%82%d0%b0\/\" \/>\n<meta property=\"og:site_name\" content=\"Corfin Lubrication\" \/>\n<meta property=\"article:publisher\" content=\"https:\/\/www.facebook.com\/CorfinLubrication\" \/>\n<meta property=\"article:modified_time\" content=\"2023-11-15T08:19:13+00:00\" \/>\n<meta property=\"og:image\" content=\"https:\/\/www.corfin.com.tr\/wp-content\/uploads\/yapim-asamasinda-1024x495.jpg\" \/>\n<meta name=\"twitter:card\" content=\"summary_large_image\" \/>\n<meta name=\"twitter:site\" content=\"@corfinlub\" \/>\n<script type=\"application\/ld+json\" class=\"yoast-schema-graph\">{\"@context\":\"https:\/\/schema.org\",\"@graph\":[{\"@type\":\"WebPage\",\"@id\":\"https:\/\/www.corfin.com.tr\/ru\/%d0%b8%d0%bd%d1%84%d0%be%d1%80%d0%bc%d0%b0%d1%86%d0%b8%d1%8f-%d0%be-%d0%bf%d1%80%d0%b8%d0%bc%d0%b5%d0%bd%d0%b5%d0%bd%d0%b8%d0%b8\/%d0%b8%d0%bd%d1%81%d1%82%d1%80%d1%83%d0%bc%d0%b5%d0%bd%d1%82-%d0%b4%d0%bb%d1%8f-%d0%b2%d1%8b%d0%b1%d0%be%d1%80%d0%b0-%d0%bf%d1%80%d0%be%d0%b4%d1%83%d0%ba%d1%82%d0%b0\/\",\"url\":\"https:\/\/www.corfin.com.tr\/ru\/%d0%b8%d0%bd%d1%84%d0%be%d1%80%d0%bc%d0%b0%d1%86%d0%b8%d1%8f-%d0%be-%d0%bf%d1%80%d0%b8%d0%bc%d0%b5%d0%bd%d0%b5%d0%bd%d0%b8%d0%b8\/%d0%b8%d0%bd%d1%81%d1%82%d1%80%d1%83%d0%bc%d0%b5%d0%bd%d1%82-%d0%b4%d0%bb%d1%8f-%d0%b2%d1%8b%d0%b1%d0%be%d1%80%d0%b0-%d0%bf%d1%80%d0%be%d0%b4%d1%83%d0%ba%d1%82%d0%b0\/\",\"name\":\"\u0418\u041d\u0421\u0422\u0420\u0423\u041c\u0415\u041d\u0422 \u0414\u041b\u042f \u0412\u042b\u0411\u041e\u0420\u0410 \u041f\u0420\u041e\u0414\u0423\u041a\u0422\u0410 &#187; Corfin Lubrication\",\"isPartOf\":{\"@id\":\"https:\/\/www.corfin.com.tr\/ru\/#website\"},\"primaryImageOfPage\":{\"@id\":\"https:\/\/www.corfin.com.tr\/ru\/%d0%b8%d0%bd%d1%84%d0%be%d1%80%d0%bc%d0%b0%d1%86%d0%b8%d1%8f-%d0%be-%d0%bf%d1%80%d0%b8%d0%bc%d0%b5%d0%bd%d0%b5%d0%bd%d0%b8%d0%b8\/%d0%b8%d0%bd%d1%81%d1%82%d1%80%d1%83%d0%bc%d0%b5%d0%bd%d1%82-%d0%b4%d0%bb%d1%8f-%d0%b2%d1%8b%d0%b1%d0%be%d1%80%d0%b0-%d0%bf%d1%80%d0%be%d0%b4%d1%83%d0%ba%d1%82%d0%b0\/#primaryimage\"},\"image\":{\"@id\":\"https:\/\/www.corfin.com.tr\/ru\/%d0%b8%d0%bd%d1%84%d0%be%d1%80%d0%bc%d0%b0%d1%86%d0%b8%d1%8f-%d0%be-%d0%bf%d1%80%d0%b8%d0%bc%d0%b5%d0%bd%d0%b5%d0%bd%d0%b8%d0%b8\/%d0%b8%d0%bd%d1%81%d1%82%d1%80%d1%83%d0%bc%d0%b5%d0%bd%d1%82-%d0%b4%d0%bb%d1%8f-%d0%b2%d1%8b%d0%b1%d0%be%d1%80%d0%b0-%d0%bf%d1%80%d0%be%d0%b4%d1%83%d0%ba%d1%82%d0%b0\/#primaryimage\"},\"thumbnailUrl\":\"https:\/\/www.corfin.com.tr\/wp-content\/uploads\/yapim-asamasinda-1024x495.jpg\",\"datePublished\":\"2022-03-22T13:02:45+00:00\",\"dateModified\":\"2023-11-15T08:19:13+00:00\",\"description\":\"\u0411\u043b\u0430\u0433\u043e\u0434\u0430\u0440\u044f \u043d\u0430\u0448\u0435\u043c\u0443 \u0438\u043d\u0441\u0442\u0440\u0443\u043c\u0435\u043d\u0442\u0443 \u0432\u044b\u0431\u043e\u0440\u0430 \u043f\u0440\u043e\u0434\u0443\u043a\u0446\u0438\u0438, \u0440\u0430\u0437\u0440\u0430\u0431\u043e\u0442\u0430\u043d\u043d\u043e\u043c\u0443 \u043f\u043e\u0434 \u0431\u0440\u0435\u043d\u0434\u043e\u043c Corfin, \u043c\u044b \u043f\u043e\u043c\u043e\u0436\u0435\u043c \u0432\u0430\u043c \u0432\u044b\u0431\u0440\u0430\u0442\u044c \u043d\u0430\u0438\u0431\u043e\u043b\u0435\u0435 \u044d\u0444\u0444\u0435\u043a\u0442\u0438\u0432\u043d\u044b\u0439 \u043f\u0440\u043e\u0434\u0443\u043a\u0442, \u043a\u043e\u0442\u043e\u0440\u044b\u0439 \u043d\u0435\u043e\u0431\u0445\u043e\u0434\u0438\u043c\u043e \u0438\u0441\u043f\u043e\u043b\u044c\u0437\u043e\u0432\u0430\u0442\u044c \u0432 \u0432\u0430\u0448\u0438\u0445 \u043f\u0440\u043e\u0446\u0435\u0441\u0441\u0430\u0445.\",\"breadcrumb\":{\"@id\":\"https:\/\/www.corfin.com.tr\/ru\/%d0%b8%d0%bd%d1%84%d0%be%d1%80%d0%bc%d0%b0%d1%86%d0%b8%d1%8f-%d0%be-%d0%bf%d1%80%d0%b8%d0%bc%d0%b5%d0%bd%d0%b5%d0%bd%d0%b8%d0%b8\/%d0%b8%d0%bd%d1%81%d1%82%d1%80%d1%83%d0%bc%d0%b5%d0%bd%d1%82-%d0%b4%d0%bb%d1%8f-%d0%b2%d1%8b%d0%b1%d0%be%d1%80%d0%b0-%d0%bf%d1%80%d0%be%d0%b4%d1%83%d0%ba%d1%82%d0%b0\/#breadcrumb\"},\"inLanguage\":\"ru-RU\",\"potentialAction\":[{\"@type\":\"ReadAction\",\"target\":[\"https:\/\/www.corfin.com.tr\/ru\/%d0%b8%d0%bd%d1%84%d0%be%d1%80%d0%bc%d0%b0%d1%86%d0%b8%d1%8f-%d0%be-%d0%bf%d1%80%d0%b8%d0%bc%d0%b5%d0%bd%d0%b5%d0%bd%d0%b8%d0%b8\/%d0%b8%d0%bd%d1%81%d1%82%d1%80%d1%83%d0%bc%d0%b5%d0%bd%d1%82-%d0%b4%d0%bb%d1%8f-%d0%b2%d1%8b%d0%b1%d0%be%d1%80%d0%b0-%d0%bf%d1%80%d0%be%d0%b4%d1%83%d0%ba%d1%82%d0%b0\/\"]}]},{\"@type\":\"ImageObject\",\"inLanguage\":\"ru-RU\",\"@id\":\"https:\/\/www.corfin.com.tr\/ru\/%d0%b8%d0%bd%d1%84%d0%be%d1%80%d0%bc%d0%b0%d1%86%d0%b8%d1%8f-%d0%be-%d0%bf%d1%80%d0%b8%d0%bc%d0%b5%d0%bd%d0%b5%d0%bd%d0%b8%d0%b8\/%d0%b8%d0%bd%d1%81%d1%82%d1%80%d1%83%d0%bc%d0%b5%d0%bd%d1%82-%d0%b4%d0%bb%d1%8f-%d0%b2%d1%8b%d0%b1%d0%be%d1%80%d0%b0-%d0%bf%d1%80%d0%be%d0%b4%d1%83%d0%ba%d1%82%d0%b0\/#primaryimage\",\"url\":\"https:\/\/www.corfin.com.tr\/wp-content\/uploads\/yapim-asamasinda-1024x495.jpg\",\"contentUrl\":\"https:\/\/www.corfin.com.tr\/wp-content\/uploads\/yapim-asamasinda-1024x495.jpg\"},{\"@type\":\"BreadcrumbList\",\"@id\":\"https:\/\/www.corfin.com.tr\/ru\/%d0%b8%d0%bd%d1%84%d0%be%d1%80%d0%bc%d0%b0%d1%86%d0%b8%d1%8f-%d0%be-%d0%bf%d1%80%d0%b8%d0%bc%d0%b5%d0%bd%d0%b5%d0%bd%d0%b8%d0%b8\/%d0%b8%d0%bd%d1%81%d1%82%d1%80%d1%83%d0%bc%d0%b5%d0%bd%d1%82-%d0%b4%d0%bb%d1%8f-%d0%b2%d1%8b%d0%b1%d0%be%d1%80%d0%b0-%d0%bf%d1%80%d0%be%d0%b4%d1%83%d0%ba%d1%82%d0%b0\/#breadcrumb\",\"itemListElement\":[{\"@type\":\"ListItem\",\"position\":1,\"name\":\"Anasayfa\",\"item\":\"https:\/\/www.corfin.com.tr\/ru\/\"},{\"@type\":\"ListItem\",\"position\":2,\"name\":\"\u0418\u041d\u0424\u041e\u0420\u041c\u0410\u0426\u0418\u042f \u041e \u041f\u0420\u0418\u041c\u0415\u041d\u0415\u041d\u0418\u0418\",\"item\":\"https:\/\/www.corfin.com.tr\/ru\/%d0%b8%d0%bd%d1%84%d0%be%d1%80%d0%bc%d0%b0%d1%86%d0%b8%d1%8f-%d0%be-%d0%bf%d1%80%d0%b8%d0%bc%d0%b5%d0%bd%d0%b5%d0%bd%d0%b8%d0%b8\/\"},{\"@type\":\"ListItem\",\"position\":3,\"name\":\"\u0418\u041d\u0421\u0422\u0420\u0423\u041c\u0415\u041d\u0422 \u0414\u041b\u042f \u0412\u042b\u0411\u041e\u0420\u0410 \u041f\u0420\u041e\u0414\u0423\u041a\u0422\u0410\"}]},{\"@type\":\"WebSite\",\"@id\":\"https:\/\/www.corfin.com.tr\/ru\/#website\",\"url\":\"https:\/\/www.corfin.com.tr\/ru\/\",\"name\":\"Corfin Lubrication\",\"description\":\"End\u00fcstrinin Destek G\u00fcc\u00fc\",\"publisher\":{\"@id\":\"https:\/\/www.corfin.com.tr\/ru\/#organization\"},\"potentialAction\":[{\"@type\":\"SearchAction\",\"target\":{\"@type\":\"EntryPoint\",\"urlTemplate\":\"https:\/\/www.corfin.com.tr\/ru\/?s={search_term_string}\"},\"query-input\":{\"@type\":\"PropertyValueSpecification\",\"valueRequired\":true,\"valueName\":\"search_term_string\"}}],\"inLanguage\":\"ru-RU\"},{\"@type\":\"Organization\",\"@id\":\"https:\/\/www.corfin.com.tr\/ru\/#organization\",\"name\":\"Corfin Lubrication\",\"url\":\"https:\/\/www.corfin.com.tr\/ru\/\",\"logo\":{\"@type\":\"ImageObject\",\"inLanguage\":\"ru-RU\",\"@id\":\"https:\/\/www.corfin.com.tr\/ru\/#\/schema\/logo\/image\/\",\"url\":\"https:\/\/www.corfin.com.tr\/wp-content\/uploads\/corfin-lubrication-siyah-sari-logo.svg\",\"contentUrl\":\"https:\/\/www.corfin.com.tr\/wp-content\/uploads\/corfin-lubrication-siyah-sari-logo.svg\",\"width\":1200,\"height\":320.3,\"caption\":\"Corfin Lubrication\"},\"image\":{\"@id\":\"https:\/\/www.corfin.com.tr\/ru\/#\/schema\/logo\/image\/\"},\"sameAs\":[\"https:\/\/www.facebook.com\/CorfinLubrication\",\"https:\/\/x.com\/corfinlub\",\"https:\/\/tr.linkedin.com\/company\/corfin-lubrication\",\"https:\/\/www.youtube.com\/channel\/UCHvPY5xapmDyWvGGcUkRVgg\"]}]}<\/script>\n<!-- \/ Yoast SEO Premium plugin. -->","yoast_head_json":{"title":"\u0418\u041d\u0421\u0422\u0420\u0423\u041c\u0415\u041d\u0422 \u0414\u041b\u042f \u0412\u042b\u0411\u041e\u0420\u0410 \u041f\u0420\u041e\u0414\u0423\u041a\u0422\u0410 &#187; Corfin Lubrication","description":"\u0411\u043b\u0430\u0433\u043e\u0434\u0430\u0440\u044f \u043d\u0430\u0448\u0435\u043c\u0443 \u0438\u043d\u0441\u0442\u0440\u0443\u043c\u0435\u043d\u0442\u0443 \u0432\u044b\u0431\u043e\u0440\u0430 \u043f\u0440\u043e\u0434\u0443\u043a\u0446\u0438\u0438, \u0440\u0430\u0437\u0440\u0430\u0431\u043e\u0442\u0430\u043d\u043d\u043e\u043c\u0443 \u043f\u043e\u0434 \u0431\u0440\u0435\u043d\u0434\u043e\u043c Corfin, \u043c\u044b \u043f\u043e\u043c\u043e\u0436\u0435\u043c \u0432\u0430\u043c \u0432\u044b\u0431\u0440\u0430\u0442\u044c \u043d\u0430\u0438\u0431\u043e\u043b\u0435\u0435 \u044d\u0444\u0444\u0435\u043a\u0442\u0438\u0432\u043d\u044b\u0439 \u043f\u0440\u043e\u0434\u0443\u043a\u0442, \u043a\u043e\u0442\u043e\u0440\u044b\u0439 \u043d\u0435\u043e\u0431\u0445\u043e\u0434\u0438\u043c\u043e \u0438\u0441\u043f\u043e\u043b\u044c\u0437\u043e\u0432\u0430\u0442\u044c \u0432 \u0432\u0430\u0448\u0438\u0445 \u043f\u0440\u043e\u0446\u0435\u0441\u0441\u0430\u0445.","robots":{"index":"index","follow":"follow","max-snippet":"max-snippet:-1","max-image-preview":"max-image-preview:large","max-video-preview":"max-video-preview:-1"},"canonical":"https:\/\/www.corfin.com.tr\/ru\/%d0%b8%d0%bd%d1%84%d0%be%d1%80%d0%bc%d0%b0%d1%86%d0%b8%d1%8f-%d0%be-%d0%bf%d1%80%d0%b8%d0%bc%d0%b5%d0%bd%d0%b5%d0%bd%d0%b8%d0%b8\/%d0%b8%d0%bd%d1%81%d1%82%d1%80%d1%83%d0%bc%d0%b5%d0%bd%d1%82-%d0%b4%d0%bb%d1%8f-%d0%b2%d1%8b%d0%b1%d0%be%d1%80%d0%b0-%d0%bf%d1%80%d0%be%d0%b4%d1%83%d0%ba%d1%82%d0%b0\/","og_locale":"ru_RU","og_type":"article","og_title":"\u0418\u041d\u0421\u0422\u0420\u0423\u041c\u0415\u041d\u0422 \u0414\u041b\u042f \u0412\u042b\u0411\u041e\u0420\u0410 \u041f\u0420\u041e\u0414\u0423\u041a\u0422\u0410","og_description":"\u0411\u043b\u0430\u0433\u043e\u0434\u0430\u0440\u044f \u043d\u0430\u0448\u0435\u043c\u0443 \u0438\u043d\u0441\u0442\u0440\u0443\u043c\u0435\u043d\u0442\u0443 \u0432\u044b\u0431\u043e\u0440\u0430 \u043f\u0440\u043e\u0434\u0443\u043a\u0446\u0438\u0438, \u0440\u0430\u0437\u0440\u0430\u0431\u043e\u0442\u0430\u043d\u043d\u043e\u043c\u0443 \u043f\u043e\u0434 \u0431\u0440\u0435\u043d\u0434\u043e\u043c Corfin, \u043c\u044b \u043f\u043e\u043c\u043e\u0436\u0435\u043c \u0432\u0430\u043c \u0432\u044b\u0431\u0440\u0430\u0442\u044c \u043d\u0430\u0438\u0431\u043e\u043b\u0435\u0435 \u044d\u0444\u0444\u0435\u043a\u0442\u0438\u0432\u043d\u044b\u0439 \u043f\u0440\u043e\u0434\u0443\u043a\u0442, \u043a\u043e\u0442\u043e\u0440\u044b\u0439 \u043d\u0435\u043e\u0431\u0445\u043e\u0434\u0438\u043c\u043e \u0438\u0441\u043f\u043e\u043b\u044c\u0437\u043e\u0432\u0430\u0442\u044c \u0432 \u0432\u0430\u0448\u0438\u0445 \u043f\u0440\u043e\u0446\u0435\u0441\u0441\u0430\u0445.","og_url":"https:\/\/www.corfin.com.tr\/ru\/%d0%b8%d0%bd%d1%84%d0%be%d1%80%d0%bc%d0%b0%d1%86%d0%b8%d1%8f-%d0%be-%d0%bf%d1%80%d0%b8%d0%bc%d0%b5%d0%bd%d0%b5%d0%bd%d0%b8%d0%b8\/%d0%b8%d0%bd%d1%81%d1%82%d1%80%d1%83%d0%bc%d0%b5%d0%bd%d1%82-%d0%b4%d0%bb%d1%8f-%d0%b2%d1%8b%d0%b1%d0%be%d1%80%d0%b0-%d0%bf%d1%80%d0%be%d0%b4%d1%83%d0%ba%d1%82%d0%b0\/","og_site_name":"Corfin Lubrication","article_publisher":"https:\/\/www.facebook.com\/CorfinLubrication","article_modified_time":"2023-11-15T08:19:13+00:00","og_image":[{"url":"https:\/\/www.corfin.com.tr\/wp-content\/uploads\/yapim-asamasinda-1024x495.jpg","type":"","width":"","height":""}],"twitter_card":"summary_large_image","twitter_site":"@corfinlub","schema":{"@context":"https:\/\/schema.org","@graph":[{"@type":"WebPage","@id":"https:\/\/www.corfin.com.tr\/ru\/%d0%b8%d0%bd%d1%84%d0%be%d1%80%d0%bc%d0%b0%d1%86%d0%b8%d1%8f-%d0%be-%d0%bf%d1%80%d0%b8%d0%bc%d0%b5%d0%bd%d0%b5%d0%bd%d0%b8%d0%b8\/%d0%b8%d0%bd%d1%81%d1%82%d1%80%d1%83%d0%bc%d0%b5%d0%bd%d1%82-%d0%b4%d0%bb%d1%8f-%d0%b2%d1%8b%d0%b1%d0%be%d1%80%d0%b0-%d0%bf%d1%80%d0%be%d0%b4%d1%83%d0%ba%d1%82%d0%b0\/","url":"https:\/\/www.corfin.com.tr\/ru\/%d0%b8%d0%bd%d1%84%d0%be%d1%80%d0%bc%d0%b0%d1%86%d0%b8%d1%8f-%d0%be-%d0%bf%d1%80%d0%b8%d0%bc%d0%b5%d0%bd%d0%b5%d0%bd%d0%b8%d0%b8\/%d0%b8%d0%bd%d1%81%d1%82%d1%80%d1%83%d0%bc%d0%b5%d0%bd%d1%82-%d0%b4%d0%bb%d1%8f-%d0%b2%d1%8b%d0%b1%d0%be%d1%80%d0%b0-%d0%bf%d1%80%d0%be%d0%b4%d1%83%d0%ba%d1%82%d0%b0\/","name":"\u0418\u041d\u0421\u0422\u0420\u0423\u041c\u0415\u041d\u0422 \u0414\u041b\u042f \u0412\u042b\u0411\u041e\u0420\u0410 \u041f\u0420\u041e\u0414\u0423\u041a\u0422\u0410 &#187; Corfin Lubrication","isPartOf":{"@id":"https:\/\/www.corfin.com.tr\/ru\/#website"},"primaryImageOfPage":{"@id":"https:\/\/www.corfin.com.tr\/ru\/%d0%b8%d0%bd%d1%84%d0%be%d1%80%d0%bc%d0%b0%d1%86%d0%b8%d1%8f-%d0%be-%d0%bf%d1%80%d0%b8%d0%bc%d0%b5%d0%bd%d0%b5%d0%bd%d0%b8%d0%b8\/%d0%b8%d0%bd%d1%81%d1%82%d1%80%d1%83%d0%bc%d0%b5%d0%bd%d1%82-%d0%b4%d0%bb%d1%8f-%d0%b2%d1%8b%d0%b1%d0%be%d1%80%d0%b0-%d0%bf%d1%80%d0%be%d0%b4%d1%83%d0%ba%d1%82%d0%b0\/#primaryimage"},"image":{"@id":"https:\/\/www.corfin.com.tr\/ru\/%d0%b8%d0%bd%d1%84%d0%be%d1%80%d0%bc%d0%b0%d1%86%d0%b8%d1%8f-%d0%be-%d0%bf%d1%80%d0%b8%d0%bc%d0%b5%d0%bd%d0%b5%d0%bd%d0%b8%d0%b8\/%d0%b8%d0%bd%d1%81%d1%82%d1%80%d1%83%d0%bc%d0%b5%d0%bd%d1%82-%d0%b4%d0%bb%d1%8f-%d0%b2%d1%8b%d0%b1%d0%be%d1%80%d0%b0-%d0%bf%d1%80%d0%be%d0%b4%d1%83%d0%ba%d1%82%d0%b0\/#primaryimage"},"thumbnailUrl":"https:\/\/www.corfin.com.tr\/wp-content\/uploads\/yapim-asamasinda-1024x495.jpg","datePublished":"2022-03-22T13:02:45+00:00","dateModified":"2023-11-15T08:19:13+00:00","description":"\u0411\u043b\u0430\u0433\u043e\u0434\u0430\u0440\u044f \u043d\u0430\u0448\u0435\u043c\u0443 \u0438\u043d\u0441\u0442\u0440\u0443\u043c\u0435\u043d\u0442\u0443 \u0432\u044b\u0431\u043e\u0440\u0430 \u043f\u0440\u043e\u0434\u0443\u043a\u0446\u0438\u0438, \u0440\u0430\u0437\u0440\u0430\u0431\u043e\u0442\u0430\u043d\u043d\u043e\u043c\u0443 \u043f\u043e\u0434 \u0431\u0440\u0435\u043d\u0434\u043e\u043c Corfin, \u043c\u044b \u043f\u043e\u043c\u043e\u0436\u0435\u043c \u0432\u0430\u043c \u0432\u044b\u0431\u0440\u0430\u0442\u044c \u043d\u0430\u0438\u0431\u043e\u043b\u0435\u0435 \u044d\u0444\u0444\u0435\u043a\u0442\u0438\u0432\u043d\u044b\u0439 \u043f\u0440\u043e\u0434\u0443\u043a\u0442, \u043a\u043e\u0442\u043e\u0440\u044b\u0439 \u043d\u0435\u043e\u0431\u0445\u043e\u0434\u0438\u043c\u043e \u0438\u0441\u043f\u043e\u043b\u044c\u0437\u043e\u0432\u0430\u0442\u044c \u0432 \u0432\u0430\u0448\u0438\u0445 \u043f\u0440\u043e\u0446\u0435\u0441\u0441\u0430\u0445.","breadcrumb":{"@id":"https:\/\/www.corfin.com.tr\/ru\/%d0%b8%d0%bd%d1%84%d0%be%d1%80%d0%bc%d0%b0%d1%86%d0%b8%d1%8f-%d0%be-%d0%bf%d1%80%d0%b8%d0%bc%d0%b5%d0%bd%d0%b5%d0%bd%d0%b8%d0%b8\/%d0%b8%d0%bd%d1%81%d1%82%d1%80%d1%83%d0%bc%d0%b5%d0%bd%d1%82-%d0%b4%d0%bb%d1%8f-%d0%b2%d1%8b%d0%b1%d0%be%d1%80%d0%b0-%d0%bf%d1%80%d0%be%d0%b4%d1%83%d0%ba%d1%82%d0%b0\/#breadcrumb"},"inLanguage":"ru-RU","potentialAction":[{"@type":"ReadAction","target":["https:\/\/www.corfin.com.tr\/ru\/%d0%b8%d0%bd%d1%84%d0%be%d1%80%d0%bc%d0%b0%d1%86%d0%b8%d1%8f-%d0%be-%d0%bf%d1%80%d0%b8%d0%bc%d0%b5%d0%bd%d0%b5%d0%bd%d0%b8%d0%b8\/%d0%b8%d0%bd%d1%81%d1%82%d1%80%d1%83%d0%bc%d0%b5%d0%bd%d1%82-%d0%b4%d0%bb%d1%8f-%d0%b2%d1%8b%d0%b1%d0%be%d1%80%d0%b0-%d0%bf%d1%80%d0%be%d0%b4%d1%83%d0%ba%d1%82%d0%b0\/"]}]},{"@type":"ImageObject","inLanguage":"ru-RU","@id":"https:\/\/www.corfin.com.tr\/ru\/%d0%b8%d0%bd%d1%84%d0%be%d1%80%d0%bc%d0%b0%d1%86%d0%b8%d1%8f-%d0%be-%d0%bf%d1%80%d0%b8%d0%bc%d0%b5%d0%bd%d0%b5%d0%bd%d0%b8%d0%b8\/%d0%b8%d0%bd%d1%81%d1%82%d1%80%d1%83%d0%bc%d0%b5%d0%bd%d1%82-%d0%b4%d0%bb%d1%8f-%d0%b2%d1%8b%d0%b1%d0%be%d1%80%d0%b0-%d0%bf%d1%80%d0%be%d0%b4%d1%83%d0%ba%d1%82%d0%b0\/#primaryimage","url":"https:\/\/www.corfin.com.tr\/wp-content\/uploads\/yapim-asamasinda-1024x495.jpg","contentUrl":"https:\/\/www.corfin.com.tr\/wp-content\/uploads\/yapim-asamasinda-1024x495.jpg"},{"@type":"BreadcrumbList","@id":"https:\/\/www.corfin.com.tr\/ru\/%d0%b8%d0%bd%d1%84%d0%be%d1%80%d0%bc%d0%b0%d1%86%d0%b8%d1%8f-%d0%be-%d0%bf%d1%80%d0%b8%d0%bc%d0%b5%d0%bd%d0%b5%d0%bd%d0%b8%d0%b8\/%d0%b8%d0%bd%d1%81%d1%82%d1%80%d1%83%d0%bc%d0%b5%d0%bd%d1%82-%d0%b4%d0%bb%d1%8f-%d0%b2%d1%8b%d0%b1%d0%be%d1%80%d0%b0-%d0%bf%d1%80%d0%be%d0%b4%d1%83%d0%ba%d1%82%d0%b0\/#breadcrumb","itemListElement":[{"@type":"ListItem","position":1,"name":"Anasayfa","item":"https:\/\/www.corfin.com.tr\/ru\/"},{"@type":"ListItem","position":2,"name":"\u0418\u041d\u0424\u041e\u0420\u041c\u0410\u0426\u0418\u042f \u041e \u041f\u0420\u0418\u041c\u0415\u041d\u0415\u041d\u0418\u0418","item":"https:\/\/www.corfin.com.tr\/ru\/%d0%b8%d0%bd%d1%84%d0%be%d1%80%d0%bc%d0%b0%d1%86%d0%b8%d1%8f-%d0%be-%d0%bf%d1%80%d0%b8%d0%bc%d0%b5%d0%bd%d0%b5%d0%bd%d0%b8%d0%b8\/"},{"@type":"ListItem","position":3,"name":"\u0418\u041d\u0421\u0422\u0420\u0423\u041c\u0415\u041d\u0422 \u0414\u041b\u042f \u0412\u042b\u0411\u041e\u0420\u0410 \u041f\u0420\u041e\u0414\u0423\u041a\u0422\u0410"}]},{"@type":"WebSite","@id":"https:\/\/www.corfin.com.tr\/ru\/#website","url":"https:\/\/www.corfin.com.tr\/ru\/","name":"Corfin Lubrication","description":"End\u00fcstrinin Destek G\u00fcc\u00fc","publisher":{"@id":"https:\/\/www.corfin.com.tr\/ru\/#organization"},"potentialAction":[{"@type":"SearchAction","target":{"@type":"EntryPoint","urlTemplate":"https:\/\/www.corfin.com.tr\/ru\/?s={search_term_string}"},"query-input":{"@type":"PropertyValueSpecification","valueRequired":true,"valueName":"search_term_string"}}],"inLanguage":"ru-RU"},{"@type":"Organization","@id":"https:\/\/www.corfin.com.tr\/ru\/#organization","name":"Corfin Lubrication","url":"https:\/\/www.corfin.com.tr\/ru\/","logo":{"@type":"ImageObject","inLanguage":"ru-RU","@id":"https:\/\/www.corfin.com.tr\/ru\/#\/schema\/logo\/image\/","url":"https:\/\/www.corfin.com.tr\/wp-content\/uploads\/corfin-lubrication-siyah-sari-logo.svg","contentUrl":"https:\/\/www.corfin.com.tr\/wp-content\/uploads\/corfin-lubrication-siyah-sari-logo.svg","width":1200,"height":320.3,"caption":"Corfin Lubrication"},"image":{"@id":"https:\/\/www.corfin.com.tr\/ru\/#\/schema\/logo\/image\/"},"sameAs":["https:\/\/www.facebook.com\/CorfinLubrication","https:\/\/x.com\/corfinlub","https:\/\/tr.linkedin.com\/company\/corfin-lubrication","https:\/\/www.youtube.com\/channel\/UCHvPY5xapmDyWvGGcUkRVgg"]}]}},"_links":{"self":[{"href":"https:\/\/www.corfin.com.tr\/ru\/wp-json\/wp\/v2\/pages\/4912","targetHints":{"allow":["GET"]}}],"collection":[{"href":"https:\/\/www.corfin.com.tr\/ru\/wp-json\/wp\/v2\/pages"}],"about":[{"href":"https:\/\/www.corfin.com.tr\/ru\/wp-json\/wp\/v2\/types\/page"}],"author":[{"embeddable":true,"href":"https:\/\/www.corfin.com.tr\/ru\/wp-json\/wp\/v2\/users\/7"}],"replies":[{"embeddable":true,"href":"https:\/\/www.corfin.com.tr\/ru\/wp-json\/wp\/v2\/comments?post=4912"}],"version-history":[{"count":0,"href":"https:\/\/www.corfin.com.tr\/ru\/wp-json\/wp\/v2\/pages\/4912\/revisions"}],"up":[{"embeddable":true,"href":"https:\/\/www.corfin.com.tr\/ru\/wp-json\/wp\/v2\/pages\/4917"}],"wp:attachment":[{"href":"https:\/\/www.corfin.com.tr\/ru\/wp-json\/wp\/v2\/media?parent=4912"}],"curies":[{"name":"wp","href":"https:\/\/api.w.org\/{rel}","templated":true}]}}